{"id":616,"date":"2019-04-12T11:05:32","date_gmt":"2019-04-12T09:05:32","guid":{"rendered":"https:\/\/www.mediamixx.eu\/home\/"},"modified":"2024-10-18T09:19:26","modified_gmt":"2024-10-18T07:19:26","slug":"home","status":"publish","type":"page","link":"https:\/\/www.mediamixx.eu\/nl\/","title":{"rendered":"Startpagina"},"content":{"rendered":"<div class=\"wpb-content-wrapper\">[vc_row full_width=&#8221;stretch_row_content_no_spaces&#8221;][vc_column][rev_slider_vc alias=&#8221;mediamixx&#8221;][\/vc_column][\/vc_row][vc_row][vc_column]<div class=\"vcex-spacing wpex-w-100 wpex-clear\"><\/div><div class=\"vcex-spacing wpex-w-100 wpex-clear\"><\/div>[\/vc_column][\/vc_row][vc_row column_spacing=&#8221;40&#8243; css=&#8221;.vc_custom_1628582544826{margin-bottom: 30px !important;border-radius: 1px !important;}&#8221; visibility=&#8221;hide-at-mm-breakpoint&#8221;][vc_column][vc_custom_heading text=&#8221;Succesvoller communiceren<br \/>\nin Duitsland en Nederland&#8221; font_container=&#8221;tag:h2|font_size:40|text_align:center|color:%234f4f4f&#8221; use_theme_fonts=&#8221;yes&#8221; css_animation=&#8221;none&#8221; css=&#8221;&#8221;][\/vc_column][\/vc_row][vc_row css=&#8221;.vc_custom_1628670787251{margin-bottom: 30px !important;border-radius: 1px !important;}&#8221; visibility=&#8221;show-at-mm-breakpoint&#8221;][vc_column][vc_custom_heading text=&#8221;Succesvoller communiceren<br \/>\nin Duitsland en Nederland&#8221; font_container=&#8221;tag:h2|font_size:30px|text_align:center|color:%234f4f4f&#8221; use_theme_fonts=&#8221;yes&#8221; css_animation=&#8221;none&#8221; css=&#8221;&#8221;][\/vc_column][\/vc_row][vc_row css=&#8221;.vc_custom_1727175248546{background-color: #9d9d9c !important;}&#8221;][vc_column][vc_empty_space][\/vc_column][\/vc_row][vc_row css=&#8221;.vc_custom_1727175261368{background-color: #9d9d9c !important;}&#8221;][vc_column width=&#8221;1\/3&#8243;][vc_single_image image=&#8221;1715&#8243; style=&#8221;vc_box_rounded&#8221;]<div class=\"vcex-spacing wpex-w-100 wpex-clear\" style=\"height:20px;\"><\/div>[vc_custom_heading text=&#8221;Begrepen worden&#8221; font_container=&#8221;tag:h3|font_size:22px|text_align:center|color:%23ffffff|line_height:34px&#8221; use_theme_fonts=&#8221;yes&#8221; css=&#8221;&#8221; el_id=&#8221;verstanden-werden&#8221;]<div class=\"vcex-spacing wpex-w-100 wpex-clear\" style=\"height:20px;\"><\/div>[vc_column_text css=&#8221;&#8221;]\n<p style=\"text-align: center;\"><span style=\"color: #ffffff;\">Wat maakt uw doelgroep bijzonder? Welke behoeftes hebben de mensen die u wilt bereiken? Wat zijn uw USP\u2019s? Hoe wilt u waargenomen worden?<\/span><\/p>\n<p style=\"text-align: center;\"><span style=\"color: #ffffff;\">Samen beantwoorden we deze vragen! Op basis hiervan scherpen we uw merkprofiel in Duitsland en\/of Nederland aan. We formuleren uw content en boodschap zodanig dat ze in beide landen hun doel zullen bereiken.<\/span><\/p>\n[\/vc_column_text]<div class=\"vcex-spacing wpex-w-100 wpex-clear\" style=\"height:50px;\"><\/div>[\/vc_column][vc_column width=&#8221;1\/3&#8243;][vc_single_image image=&#8221;1717&#8243; style=&#8221;vc_box_rounded&#8221;]<div class=\"vcex-spacing wpex-w-100 wpex-clear\" style=\"height:20px;\"><\/div>[vc_custom_heading text=&#8221;Waargenomen worden&#8221; font_container=&#8221;tag:h3|font_size:22px|text_align:center|color:%23ffffff|line_height:34px&#8221; use_theme_fonts=&#8221;yes&#8221; css=&#8221;&#8221; el_id=&#8221;wahrgenommen-werden&#8221;]<div class=\"vcex-spacing wpex-w-100 wpex-clear\" style=\"height:20px;\"><\/div>[vc_column_text css=&#8221;&#8221;]\n<p style=\"text-align: center;\"><span style=\"color: #ffffff;\">Een goed doordacht en kloppend concept voor uw presentatie aan de buitenwereld, eersteklas content en een duidelijk boodschap vormen de basis voor het verhogen van uw bekendheid en bereik. Daarvoor is het echter ook van belang om doelgericht de juiste kanalen te selecteren en ze op een passende manier in te zetten. Alleen zo kunt u uw doelgroep bereiken en activeren. Daarbij ondersteunen wij u met \u2018thuisvoordeel\u2019 in Duitsland en Nederland.<\/span><\/p>\n[\/vc_column_text]<div class=\"vcex-spacing wpex-w-100 wpex-clear\" style=\"height:50px;\"><\/div>[\/vc_column][vc_column width=&#8221;1\/3&#8243;][vc_single_image image=&#8221;2110&#8243; style=&#8221;vc_box_rounded&#8221;]<div class=\"vcex-spacing wpex-w-100 wpex-clear\" style=\"height:20px;\"><\/div>[vc_custom_heading text=&#8221;Met maatwerk op weg naar succes&#8221; font_container=&#8221;tag:h3|font_size:22px|text_align:center|color:%23ffffff|line_height:34px&#8221; use_theme_fonts=&#8221;yes&#8221; css=&#8221;&#8221;]<div class=\"vcex-spacing wpex-w-100 wpex-clear\" style=\"height:20px;\"><\/div>[vc_column_text css=&#8221;&#8221;]\n<p style=\"text-align: center;\"><span style=\"color: #ffffff;\">Elk communicatieproces is uniek en vereist een aanpak op maat. De beste route naar succes is iedere keer weer anders. Laten we daarom eens met elkaar in gesprek gaan.<\/span><\/p>\n<p style=\"text-align: center;\"><span style=\"color: #ffffff;\">Wij kijken ernaar uit om met u kennis te maken, erachter te komen waar u staat en waar u heen wilt. Neem gewoon eens contact met ons op.<\/span><\/p>\n[\/vc_column_text][\/vc_column][\/vc_row][vc_row css=&#8221;.vc_custom_1727175276191{background-color: #9d9d9c !important;}&#8221;][vc_column]<div class=\"vcex-spacing wpex-w-100 wpex-clear\" style=\"height:50px;\"><\/div>[vc_column_text css=&#8221;&#8221;]\n<p style=\"text-align: center;\"><span style=\"color: #ffffff;\">Profiteer van onze grensoverschrijdende expertise, onze creativiteit en onze contacten in beide landen. We stellen een kosteneffectief communicatiepakket voor je samen dat perfect is afgestemd op je behoeften, je budget en de doelmarkt. Met ons voorkomt u dure misverstanden, onnodige verspilling en bespaart u tijd en geld!<\/span><\/p>\n[\/vc_column_text]<div class=\"vcex-spacing wpex-w-100 wpex-clear\" style=\"height:50px;\"><\/div><div class=\"vcex-spacing wpex-w-100 wpex-clear\" style=\"height:20px;\"><\/div>[\/vc_column][\/vc_row][vc_row][vc_column][vc_empty_space height=&#8221;25px&#8221;][vc_custom_heading text=&#8221;Dat zeggen onze klanten&#8221; font_container=&#8221;tag:h2|font_size:30px|text_align:center|color:%234f4f4f|line_height:34px&#8221; use_theme_fonts=&#8221;yes&#8221; css=&#8221;&#8221;]<div class=\"vcex-module vcex-divider vcex-divider-solid vcex-divider-center wpex-mx-auto wpex-max-w-100 vcex-divider-has-icon wpex-flex wpex-items-center\" style=\"width:200px;margin-top:10px;margin-bottom:25px;\"><div class=\"vcex-divider-border wpex-flex-grow wpex-border-b wpex-border-solid wpex-border-main\" style=\"border-color:#fbba00;border-bottom-width:2px;\"><\/div><span class=\"vcex-divider-icon-span wpex-inline-flex wpex-justify-center wpex-items-center wpex-box-content wpex-inline-block wpex-text-center wpex-text-lg wpex-py-10 wpex-px-20\" style=\"font-size:21px;color:#fbba00;\"><span class=\"ticon ticon-commenting\" aria-hidden=\"true\"><\/span><\/span><div class=\"vcex-divider-border wpex-flex-grow wpex-border-b wpex-border-solid wpex-border-main\" style=\"border-color:#fbba00;border-bottom-width:2px;\"><\/div><\/div>[vc_tta_pageable no_fill_content_area=&#8221;1&#8243; autoplay=&#8221;10&#8243; active_section=&#8221;4&#8243; pagination_style=&#8221;flat-square&#8221; pagination_color=&#8221;white&#8221; css=&#8221;.vc_custom_1727175355015{background-color: #fab518 !important;}&#8221;][vc_tta_section title=&#8221;Burgers&#8217; Zoo&#8221; tab_id=&#8221;1614006767013-2fb31a0e-5da4&#8243;][vc_row_inner][vc_column_inner width=&#8221;1\/2&#8243;][vc_column_text css=&#8221;&#8221;]<span style=\"font-size: 21px; color: #ffffff;\"><strong>Burgers&#8217; Zoo<br \/>\n<\/strong><\/span><\/p>\n<p><span style=\"color: #ffffff;\"><em>\u201cKoninklijke Burgers\u2019 Zoo werkt nu al ruim tien jaar succesvol met mediamixx samen. Wanneer je als Nederlands bedrijf in Duitsland actief \u00e9n serieus genomen wilt worden, zijn een professionele aanpak en foutloze Duitse teksten essentieel. Het mediamixx-team ondersteunt ons met kennis van het Duitse medialandschap en expertise op het gebied van normen en waarden die bij de communicatie in Duitsland van belang zijn. Daarnaast schrijven en versturen ze onze Duitse persberichten.\u201d<\/em><\/span><\/p>\n<p><span style=\"color: #ffffff;\"><strong>Bas Lukkenaar, PR &amp; communicatie Burgers\u2018 Zoo<\/strong><\/span>[\/vc_column_text][\/vc_column_inner][vc_column_inner width=&#8221;1\/2&#8243;][vc_single_image image=&#8221;1412&#8243; add_caption=&#8221;yes&#8221; style=&#8221;vc_box_rounded&#8221;][\/vc_column_inner][\/vc_row_inner][\/vc_tta_section][vc_tta_section title=&#8221;Dille&amp;Kamille&#8221; tab_id=&#8221;1620306757904-ea4ed638-26fc&#8221;][vc_row_inner][vc_column_inner width=&#8221;1\/2&#8243;][vc_column_text css=&#8221;&#8221;]<span style=\"font-size: 21px; color: #ffffff;\"><strong>Dille &amp; Kamille<br \/>\n<\/strong><\/span><\/p>\n<p><span style=\"color: #ffffff;\"><em>\u201eSinds eind 2023 werken we vanuit Dille &amp; Kamille intensief samen met mediamixx voor onze marketingactiviteiten in Duitsland, en we kunnen deze samenwerking van harte aanbevelen. mediamixx heeft ons uitstekend begeleid bij het uitbreiden van onze merkbekendheid en het bereiken van een breder publiek op de Duitse markt (specifiek NRW). Het team van mediamixx is deskundig, professioneel en denkt altijd proactief mee. Ze weten precies hoe ze ons merk kunnen vertalen naar een relevante en aansprekende boodschap voor de Duitse consument, zonder daarbij onze kernwaarden uit het oog te verliezen. Ze reageren snel, werken effici\u00ebnt en staan altijd klaar om ons te ondersteunen met advies en oplossingen. Kortom, mediamixx is een betrouwbare partner die resultaten levert.\u201c<\/em><\/span><\/p>\n<p><span style=\"color: #ffffff;\"><strong><span style=\"color: #ffffff;\">Lindy den Hartog, Marketing &amp; Communicatie Dille &amp; Kamille<\/span><br \/>\n<\/strong><\/span>[\/vc_column_text][\/vc_column_inner][vc_column_inner width=&#8221;1\/2&#8243;][vc_single_image image=&#8221;2613&#8243; add_caption=&#8221;yes&#8221; style=&#8221;vc_box_rounded&#8221; css=&#8221;&#8221;][\/vc_column_inner][\/vc_row_inner][\/vc_tta_section][vc_tta_section title=&#8221;Efteling attractiepark&#8221; tab_id=&#8221;1614007263881-d221eb20-0c50&#8243;][vc_row_inner][vc_column_inner width=&#8221;1\/2&#8243;][vc_column_text css=&#8221;&#8221;]<span style=\"font-size: 21px; color: #ffffff;\"><strong>Freizeitpark Efteling<\/strong><\/span><\/p>\n<p><span style=\"color: #ffffff;\"><em>\u201eEfteling arbeitet schon seit vielen Jahren mit mediamixx zusammen, um die Bekanntheit der \u201eWelt voller Wunder\u201c in Deutschland zu steigern.Das mediamixx-Team kennt die niederl\u00e4ndische Sprache und Kultur sehr gut und versteht es, unsere Botschaft f\u00fcr Journalisten und G\u00e4ste aus Deutschland zu \u00fcbertragen. Durch kritische Fragen sorgen die Kollegen immer daf\u00fcr, dass wir genau hinschauen. Sie arbeiten professionell, proaktiv und schnell.\u201c<\/em><\/span><\/p>\n<p><span style=\"color: #ffffff;\"><strong>Karin Koppelmans, Kommunikationsmanagerin Efteling<\/strong><\/span>[\/vc_column_text][\/vc_column_inner][vc_column_inner width=&#8221;1\/2&#8243;][vc_single_image image=&#8221;1314&#8243; add_caption=&#8221;yes&#8221; style=&#8221;vc_box_rounded&#8221;][\/vc_column_inner][\/vc_row_inner][\/vc_tta_section][vc_tta_section title=&#8221;VisitBrabant&#8221; tab_id=&#8221;1620295307995-38dda59e-ba0c&#8221;][vc_row_inner][vc_column_inner width=&#8221;1\/2&#8243;][vc_column_text css=&#8221;&#8221;]<span style=\"font-size: 21px; color: #ffffff;\"><strong>VisitBrabant<br \/>\n<\/strong><\/span><\/p>\n<p><span style=\"color: #ffffff;\"><em>\u201cmediamixx is een full-servicecommunicatiebureau, waarmee VisitBrabant al sinds 2018 succesvol samenwerkt. Het proactieve team sluit aantrekkelijke deals met Duitse mediapartners en adviseert ons oprecht, open en eerlijk over hoe we onze doelgroepen het beste kunnen bereiken. Omdat onze contactpersonen bij mediamixx zelf Nederlands spreken, verloopt de onderlinge afstemming soepel. Ze helpen niet alleen onze organisatie, maar ook alle partners en ondernemers die wij vertegenwoordigen om meer bekendheid te krijgen in Duitsland \u2013 met name in Noordrijn-Westfalen.\u201d <\/em><\/span><\/p>\n<p><span style=\"color: #ffffff;\"><strong>Pieter Huijsmans, Manager marketingcommunicatie &amp; PR bij VisitBrabant<\/strong><\/span>[\/vc_column_text][\/vc_column_inner][vc_column_inner width=&#8221;1\/2&#8243;][vc_single_image image=&#8221;1498&#8243; add_caption=&#8221;yes&#8221; style=&#8221;vc_box_rounded&#8221;][\/vc_column_inner][\/vc_row_inner][\/vc_tta_section][vc_tta_section title=&#8221;ACE Sto\u00dfd\u00e4mpfer&#8221; tab_id=&#8221;1628169130674-f2cde583-c776&#8243;][vc_row_inner][vc_column_inner width=&#8221;1\/2&#8243;][vc_column_text css=&#8221;&#8221;]<span style=\"font-size: 21px; color: #ffffff;\"><strong>ACE Sto\u00dfd\u00e4mpfer<\/strong><\/span><\/p>\n<p><span style=\"color: #ffffff;\"><em>\u201cWij werken al enige jaren samen met mediamixx. Doel was om onze presentie in vaktijdschriften te beheren en verbeteren. Mediamixx heeft er voor gezorgd dat ACE Sto\u00dfd\u00e4mpfer GmbH een grotere naamsbekendheid heeft gekregen in de BeNeLux. Naast het onderhouden van contacten met uitgevers, zorgt mediamixx mede voor het advertentiebeleid en het vertalen en publiceren van onze persberichten. Open, proffessionele, communicatie en creativiteit kenmerken de manier waarop de mensen van mediamixx werken.\u201d<\/em><\/span><\/p>\n<p><span style=\"color: #ffffff;\"><strong>Han Titulaer, Project Manager &amp; Backoffice BeNeLUX ACE Sto\u00dfd\u00e4mpfer<\/strong><\/span>[\/vc_column_text][\/vc_column_inner][vc_column_inner width=&#8221;1\/2&#8243;][vc_single_image image=&#8221;1762&#8243; add_caption=&#8221;yes&#8221; style=&#8221;vc_box_rounded&#8221;][\/vc_column_inner][\/vc_row_inner][\/vc_tta_section][vc_tta_section title=&#8221;Standort Niederrhein&#8221; tab_id=&#8221;1614343972775-a9ce6e10-0741&#8243;][vc_row_inner][vc_column_inner width=&#8221;1\/2&#8243;][vc_column_text css=&#8221;.vc_custom_1727175492679{padding-right: 15px !important;padding-bottom: 15px !important;padding-left: 15px !important;}&#8221;]<span style=\"font-size: 21px; color: #ffffff;\"><strong>Standort Niederrhein<br \/>\n<\/strong><\/span><\/p>\n<p><span style=\"color: #ffffff;\"><em>\u201cDe regionale marketingorganisatie Standort Niederrhein geeft in binnen- en buitenland informatie over de Duitse regio Niederrhein en de voordelen van deze regio als vestigingslocatie. Door de ligging van de regio is het bij projecten en activiteiten van Standort Niederrhein GmbH belangrijk om ook richting Nederland te communiceren. Voor de communicatie in Nederland en het contact met de Nederlandse doelgroep werkt Standort Niederrhein GmbH al jaren nauw samen met mediamixx GmbH \u2013 en dat tot volle tevredenheid. De focus van de werkzaamheden ligt op berichtgeving over de belangrijkste thema\u2019s, samenwerking tijdens diverse evenementen en de meerwaarde die ontstaat in grensoverschrijdende netwerken zoals AHA24x7.com.\u201d<\/em><\/span><\/p>\n<p><span style=\"color: #ffffff;\"><strong>Bertram Gaiser, directeur Standort Niederrhein GmbH<br \/>\n<\/strong><\/span>[\/vc_column_text][\/vc_column_inner][vc_column_inner width=&#8221;1\/2&#8243;][vc_single_image image=&#8221;2125&#8243; add_caption=&#8221;yes&#8221; style=&#8221;vc_box_rounded&#8221;][\/vc_column_inner][\/vc_row_inner][\/vc_tta_section][\/vc_tta_pageable][\/vc_column][\/vc_row][vc_row][vc_column][vc_empty_space][\/vc_column][\/vc_row]\n<\/div>","protected":false},"excerpt":{"rendered":"<p>[vc_row full_width=&#8221;stretch_row_content_no_spaces&#8221;][vc_column][rev_slider_vc alias=&#8221;mediamixx&#8221;][\/vc_column][\/vc_row][vc_row][vc_column][\/vc_column][\/vc_row][vc_row column_spacing=&#8221;40&#8243; css=&#8221;.vc_custom_1628582544826{margin-bottom: 30px !important;border-radius: 1px !important;}&#8221; visibility=&#8221;hide-at-mm-breakpoint&#8221;][vc_column][vc_custom_heading text=&#8221;Succesvoller communiceren in Duitsland en Nederland&#8221; font_container=&#8221;tag:h2|font_size:40|text_align:center|color:%234f4f4f&#8221; use_theme_fonts=&#8221;yes&#8221; css_animation=&#8221;none&#8221; css=&#8221;&#8221;][\/vc_column][\/vc_row][vc_row css=&#8221;.vc_custom_1628670787251{margin-bottom: 30px !important;border-radius: 1px !important;}&#8221; visibility=&#8221;show-at-mm-breakpoint&#8221;][vc_column][vc_custom_heading text=&#8221;Succesvoller communiceren in Duitsland en Nederland&#8221; font_container=&#8221;tag:h2|font_size:30px|text_align:center|color:%234f4f4f&#8221; use_theme_fonts=&#8221;yes&#8221; css_animation=&#8221;none&#8221; css=&#8221;&#8221;][\/vc_column][\/vc_row][vc_row css=&#8221;.vc_custom_1727175248546{background-color: #9d9d9c !important;}&#8221;][vc_column][vc_empty_space][\/vc_column][\/vc_row][vc_row css=&#8221;.vc_custom_1727175261368{background-color: #9d9d9c !important;}&#8221;][vc_column width=&#8221;1\/3&#8243;][vc_single_image image=&#8221;1715&#8243; style=&#8221;vc_box_rounded&#8221;][vc_custom_heading text=&#8221;Begrepen worden&#8221; font_container=&#8221;tag:h3|font_size:22px|text_align:center|color:%23ffffff|line_height:34px&#8221; use_theme_fonts=&#8221;yes&#8221; css=&#8221;&#8221; el_id=&#8221;verstanden-werden&#8221;][vc_column_text css=&#8221;&#8221;] Wat maakt uw&hellip;<\/p>\n","protected":false},"author":1,"featured_media":0,"parent":0,"menu_order":0,"comment_status":"closed","ping_status":"closed","template":"","meta":{"_acf_changed":false,"footnotes":""},"acf":[],"_links":{"self":[{"href":"https:\/\/www.mediamixx.eu\/nl\/wp-json\/wp\/v2\/pages\/616"}],"collection":[{"href":"https:\/\/www.mediamixx.eu\/nl\/wp-json\/wp\/v2\/pages"}],"about":[{"href":"https:\/\/www.mediamixx.eu\/nl\/wp-json\/wp\/v2\/types\/page"}],"author":[{"embeddable":true,"href":"https:\/\/www.mediamixx.eu\/nl\/wp-json\/wp\/v2\/users\/1"}],"replies":[{"embeddable":true,"href":"https:\/\/www.mediamixx.eu\/nl\/wp-json\/wp\/v2\/comments?post=616"}],"version-history":[{"count":55,"href":"https:\/\/www.mediamixx.eu\/nl\/wp-json\/wp\/v2\/pages\/616\/revisions"}],"predecessor-version":[{"id":2642,"href":"https:\/\/www.mediamixx.eu\/nl\/wp-json\/wp\/v2\/pages\/616\/revisions\/2642"}],"wp:attachment":[{"href":"https:\/\/www.mediamixx.eu\/nl\/wp-json\/wp\/v2\/media?parent=616"}],"curies":[{"name":"wp","href":"https:\/\/api.w.org\/{rel}","templated":true}]}}