{"id":1781,"date":"2019-04-03T11:48:15","date_gmt":"2019-04-03T09:48:15","guid":{"rendered":"https:\/\/www.mediamixx.eu\/b2b\/"},"modified":"2023-01-20T12:10:25","modified_gmt":"2023-01-20T11:10:25","slug":"b2b","status":"publish","type":"page","link":"https:\/\/www.mediamixx.eu\/nl\/b2b\/","title":{"rendered":"Voorbeelden van onze b2b-klanten"},"content":{"rendered":"<div class=\"wpb-content-wrapper\">[vc_row][vc_column][vc_column_text]\n<h2>Hier vindt u enkele van onze b2b-klanten<\/h2>\n[\/vc_column_text][\/vc_column][\/vc_row][vc_row][vc_column][vc_empty_space height=&#8221;20px&#8221;][\/vc_column][\/vc_row][vc_row][vc_column width=&#8221;1\/3&#8243;][vc_hoverbox image=&#8221;2311&#8243; primary_title=&#8221;&#8221; hover_title=&#8221;ACE Sto\u00dfd\u00e4mpfer&#8221; hover_background_color=&#8221;custom&#8221; css_animation=&#8221;flipInY&#8221; hover_custom_background=&#8221;#fbba00&#8243;]Het Duitse ACE Sto\u00dfd\u00e4mpfer levert industri\u00eble stootdempers, gasveren, dempingsmatten en schokdempers in alle soorten en maten. mediamixx kan wel tegen een stootje en verzorgt in Nederland en Belgi\u00eb de pr en mediaplanning voor dit bedrijf. Ook staan we regelmatig paraat voor vertalingen en beursbezoeken.<\/p>\n[\/vc_hoverbox][\/vc_column][vc_column width=&#8221;1\/3&#8243;][vc_hoverbox image=&#8221;1539&#8243; primary_title=&#8221;&#8221; hover_title=&#8221;Standort Niederrhein&#8221; hover_background_color=&#8221;custom&#8221; css_animation=&#8221;flipInY&#8221; hover_custom_background=&#8221;#fbba00&#8243;]Standort Niederrhein biedt informatie, advies en ondersteuning aan Nederlandse ondernemers die actief willen worden in de Duitse regio Niederrhein. mediamixx produceert content voor de Nederlandse website in de vorm van nieuwsartikelen, interviews en best practice-artikelen over bedrijven die al succesvol de stap naar de Niederrhein hebben gezet.<\/p>\n[\/vc_hoverbox][\/vc_column][vc_column width=&#8221;1\/3&#8243;][vc_hoverbox image=&#8221;1221&#8243; primary_title=&#8221;&#8221; hover_title=&#8221;Qwiek&#8221; hover_background_color=&#8221;custom&#8221; css_animation=&#8221;flipInY&#8221; hover_custom_background=&#8221;#fbba00&#8243;]Innovatieve producten voor de zorg: dat is de specialiteit van Qwiek. Het bedrijf betrad de Duitse markt in 2018. Sindsdien verzorgt mediamixx in Duitsland de pr, media- en evenementenplanning voor Qwiek.<\/p>\n[\/vc_hoverbox][\/vc_column][\/vc_row][vc_row][vc_column][vc_empty_space height=&#8221;20px&#8221;][\/vc_column][\/vc_row][vc_row][vc_column width=&#8221;1\/3&#8243;][vc_hoverbox image=&#8221;1518&#8243; primary_title=&#8221;&#8221; hover_title=&#8221;PCV Group&#8221; hover_background_color=&#8221;custom&#8221; css_animation=&#8221;flipInY&#8221; hover_custom_background=&#8221;#fbba00&#8243;]De PCV Group heeft verstand van productontwikkeling en -design: hun hightech oplossingen cre\u00ebren waarde. De technische uitdaging kan daarbij niet groot genoeg zijn! Deze centrale boodschap aan (potenti\u00eble) klanten uit de meest uiteenlopende sectoren versterken wij met krachtige content.<\/p>\n[\/vc_hoverbox][\/vc_column][vc_column width=&#8221;1\/3&#8243;][vc_hoverbox image=&#8221;1236&#8243; primary_title=&#8221;&#8221; hover_title=&#8221;Takko&#8221; hover_background_color=&#8221;custom&#8221; css_animation=&#8221;flipInY&#8221; hover_custom_background=&#8221;#fbba00&#8243;]Voor de bekende Duitse retailer vertalen wij interne documentatie naar het Duits en het Nederlands.<\/p>\n<p>&nbsp;<\/p>\n<p>&nbsp;<\/p>\n[\/vc_hoverbox][\/vc_column][vc_column width=&#8221;1\/3&#8243;][vc_hoverbox image=&#8221;1543&#8243; primary_title=&#8221;&#8221; hover_title=&#8221;Wintershall Dea AG&#8221; hover_background_color=&#8221;custom&#8221; css_animation=&#8221;flipInY&#8221; hover_custom_background=&#8221;#fbba00&#8243;]Wintershall Dea GmbH is de grootste onafhankelijke producent van aardolie en aardgas in Europa. Wintershall Holding GmbH en DEA Deutsche Erdoel AG fuseerden in mei 2019. Al jaren nodigt mediamixx Nederlandse journalisten uit voor de jaarlijkse persconferentie, co\u00f6rdineert interviews en houdt Wintershall Dea op de hoogte van het laatste Nederlandse nieuws op energiegebied.<\/p>\n[\/vc_hoverbox][\/vc_column][\/vc_row][vc_row][vc_column][vc_empty_space height=&#8221;40px&#8221;][\/vc_column][\/vc_row]\n<\/div>","protected":false},"excerpt":{"rendered":"<p>[vc_row][vc_column][vc_column_text] Hier vindt u enkele van onze b2b-klanten [\/vc_column_text][\/vc_column][\/vc_row][vc_row][vc_column][vc_empty_space height=&#8221;20px&#8221;][\/vc_column][\/vc_row][vc_row][vc_column width=&#8221;1\/3&#8243;][vc_hoverbox image=&#8221;2311&#8243; primary_title=&#8221;&#8221; hover_title=&#8221;ACE Sto\u00dfd\u00e4mpfer&#8221; hover_background_color=&#8221;custom&#8221; css_animation=&#8221;flipInY&#8221; hover_custom_background=&#8221;#fbba00&#8243;]Het Duitse ACE Sto\u00dfd\u00e4mpfer levert industri\u00eble stootdempers, gasveren, dempingsmatten en schokdempers in alle soorten en maten. mediamixx kan wel tegen een stootje en verzorgt in Nederland en Belgi\u00eb de pr en mediaplanning voor dit bedrijf. Ook staan we&hellip;<\/p>\n","protected":false},"author":1,"featured_media":0,"parent":0,"menu_order":0,"comment_status":"closed","ping_status":"closed","template":"","meta":{"_acf_changed":false,"footnotes":""},"acf":[],"_links":{"self":[{"href":"https:\/\/www.mediamixx.eu\/nl\/wp-json\/wp\/v2\/pages\/1781"}],"collection":[{"href":"https:\/\/www.mediamixx.eu\/nl\/wp-json\/wp\/v2\/pages"}],"about":[{"href":"https:\/\/www.mediamixx.eu\/nl\/wp-json\/wp\/v2\/types\/page"}],"author":[{"embeddable":true,"href":"https:\/\/www.mediamixx.eu\/nl\/wp-json\/wp\/v2\/users\/1"}],"replies":[{"embeddable":true,"href":"https:\/\/www.mediamixx.eu\/nl\/wp-json\/wp\/v2\/comments?post=1781"}],"version-history":[{"count":4,"href":"https:\/\/www.mediamixx.eu\/nl\/wp-json\/wp\/v2\/pages\/1781\/revisions"}],"predecessor-version":[{"id":2313,"href":"https:\/\/www.mediamixx.eu\/nl\/wp-json\/wp\/v2\/pages\/1781\/revisions\/2313"}],"wp:attachment":[{"href":"https:\/\/www.mediamixx.eu\/nl\/wp-json\/wp\/v2\/media?parent=1781"}],"curies":[{"name":"wp","href":"https:\/\/api.w.org\/{rel}","templated":true}]}}