{"id":66,"date":"2016-10-31T17:12:33","date_gmt":"2016-10-31T16:12:33","guid":{"rendered":"http:\/\/totaltheme.wpengine.com\/webdevelopers\/?page_id=66"},"modified":"2023-04-27T14:37:03","modified_gmt":"2023-04-27T12:37:03","slug":"kontakt","status":"publish","type":"page","link":"https:\/\/www.mediamixx.eu\/de\/kontakt\/","title":{"rendered":"Kontakt"},"content":{"rendered":"<div class=\"wpb-content-wrapper\">[vc_row full_width=&#8220;stretch_row_content_no_spaces&#8220;][vc_column][vc_gmaps link=&#8220;#E-8_JTNDaWZyYW1lJTIwc3JjJTNEJTIyaHR0cHMlM0ElMkYlMkZ3d3cuZ29vZ2xlLmNvbSUyRm1hcHMlMkZlbWJlZCUzRnBiJTNEJTIxMW0xOCUyMTFtMTIlMjExbTMlMjExZDI0NjcuNjU2MTk4MDQzNjYzNiUyMTJkNi4xMjczOTY5MTU5MzI5NjUlMjEzZDUxLjc5NDE2OTQ5NzUxNTcyNSUyMTJtMyUyMTFmMCUyMTJmMCUyMTNmMCUyMTNtMiUyMTFpMTAyNCUyMTJpNzY4JTIxNGYxMy4xJTIxM20zJTIxMW0yJTIxMXMweDQ3Yzc3NDE5Njk4ZTUyMTElMjUzQTB4YzMyNWQxZmRiMWE1MWZiMSUyMTJzTWVkaWFtaXh4JTJCR21iSCUyMTVlMCUyMTNtMiUyMTFzZGUlMjEyc2RlJTIxNHYxNTU0MjgzNTUxOTkzJTIxNW0yJTIxMXNkZSUyMTJzZGUlMjIlMjB3aWR0aCUzRCUyMjYwMCUyMiUyMGhlaWdodCUzRCUyMjQ1MCUyMiUyMGZyYW1lYm9yZGVyJTNEJTIyMCUyMiUyMHN0eWxlJTNEJTIyYm9yZGVyJTNBMCUyMiUyMGFsbG93ZnVsbHNjcmVlbiUzRSUzQyUyRmlmcmFtZSUzRQ==&#8220;][\/vc_column][\/vc_row][vc_row][vc_column][vc_empty_space][vc_column_text css=&#8220;.vc_custom_1682599013893{padding-top: 80px !important;padding-bottom: 80px !important;}&#8220;]<strong><img loading=\"lazy\" decoding=\"async\" class=\"alignright wp-image-1722\" src=\"https:\/\/www.mediamixx.eu\/wp-content\/uploads\/2021\/08\/mediamixx-Kontakt.jpg\" alt=\"mediamixx Kontakt\" width=\"500\" height=\"375\" srcset=\"https:\/\/www.mediamixx.eu\/wp-content\/uploads\/2021\/08\/mediamixx-Kontakt.jpg 750w, https:\/\/www.mediamixx.eu\/wp-content\/uploads\/2021\/08\/mediamixx-Kontakt-300x225.jpg 300w, https:\/\/www.mediamixx.eu\/wp-content\/uploads\/2021\/08\/mediamixx-Kontakt-600x450.jpg 600w\" sizes=\"(max-width: 500px) 100vw, 500px\" \/>mediamixx GmbH<\/strong><br \/>\nTiergartenstra\u00dfe 64<br \/>\n47533 Kleve<br \/>\n+49 (0) 28 21 7 11 56 10<br \/>\n<a href=\"mailto:info@mediamixx.eu\">info@mediamixx.eu<\/a><\/p>\n<p>Wenige Meter entfernt von unserem B\u00fcro befindet sich der <strong>\u201eParkplatz Park Kleve\u201c<\/strong> mit ausreichend kostenlosen Parkpl\u00e4tzen. Die Ein- und Ausfahrt des Parkplatzes liegt an der Wasserburgallee. Der <strong>Eingang<\/strong> zu unserem B\u00fcro an der Tiergartenstra\u00dfe befindet sich <strong>auf der R\u00fcckseite<\/strong> des Geb\u00e4udes. Unsere B\u00fcror\u00e4ume liegen in der 1. Etage.<\/p>\n<p>&nbsp;<\/p>\n<h2>Unsere Mitarbeiter<\/h2>\n<p>Kontakt zu einer bestimmten Mitarbeiterin oder einem bestimmten Mitarbeiter? Schauen Sie auf unsere <a href=\"https:\/\/www.mediamixx.eu\/de\/team\/\">Team-Seite<\/a>.[\/vc_column_text][\/vc_column][\/vc_row][vc_row][vc_column][vc_empty_space][\/vc_column][\/vc_row]\n<\/div>","protected":false},"excerpt":{"rendered":"<p>[vc_row full_width=&#8220;stretch_row_content_no_spaces&#8220;][vc_column][vc_gmaps link=&#8220;#E-8_JTNDaWZyYW1lJTIwc3JjJTNEJTIyaHR0cHMlM0ElMkYlMkZ3d3cuZ29vZ2xlLmNvbSUyRm1hcHMlMkZlbWJlZCUzRnBiJTNEJTIxMW0xOCUyMTFtMTIlMjExbTMlMjExZDI0NjcuNjU2MTk4MDQzNjYzNiUyMTJkNi4xMjczOTY5MTU5MzI5NjUlMjEzZDUxLjc5NDE2OTQ5NzUxNTcyNSUyMTJtMyUyMTFmMCUyMTJmMCUyMTNmMCUyMTNtMiUyMTFpMTAyNCUyMTJpNzY4JTIxNGYxMy4xJTIxM20zJTIxMW0yJTIxMXMweDQ3Yzc3NDE5Njk4ZTUyMTElMjUzQTB4YzMyNWQxZmRiMWE1MWZiMSUyMTJzTWVkaWFtaXh4JTJCR21iSCUyMTVlMCUyMTNtMiUyMTFzZGUlMjEyc2RlJTIxNHYxNTU0MjgzNTUxOTkzJTIxNW0yJTIxMXNkZSUyMTJzZGUlMjIlMjB3aWR0aCUzRCUyMjYwMCUyMiUyMGhlaWdodCUzRCUyMjQ1MCUyMiUyMGZyYW1lYm9yZGVyJTNEJTIyMCUyMiUyMHN0eWxlJTNEJTIyYm9yZGVyJTNBMCUyMiUyMGFsbG93ZnVsbHNjcmVlbiUzRSUzQyUyRmlmcmFtZSUzRQ==&#8220;][\/vc_column][\/vc_row][vc_row][vc_column][vc_empty_space][vc_column_text css=&#8220;.vc_custom_1682599013893{padding-top: 80px !important;padding-bottom: 80px !important;}&#8220;]mediamixx GmbH Tiergartenstra\u00dfe 64 47533 Kleve +49 (0) 28 21 7 11 56 10 info@mediamixx.eu Wenige Meter entfernt von unserem B\u00fcro befindet sich der \u201eParkplatz Park Kleve\u201c mit ausreichend kostenlosen Parkpl\u00e4tzen. Die Ein- und Ausfahrt des Parkplatzes liegt an der Wasserburgallee. Der Eingang zu unserem B\u00fcro an der&hellip;<\/p>\n","protected":false},"author":1,"featured_media":0,"parent":0,"menu_order":0,"comment_status":"closed","ping_status":"closed","template":"","meta":{"_acf_changed":false,"footnotes":""},"acf":[],"_links":{"self":[{"href":"https:\/\/www.mediamixx.eu\/de\/wp-json\/wp\/v2\/pages\/66"}],"collection":[{"href":"https:\/\/www.mediamixx.eu\/de\/wp-json\/wp\/v2\/pages"}],"about":[{"href":"https:\/\/www.mediamixx.eu\/de\/wp-json\/wp\/v2\/types\/page"}],"author":[{"embeddable":true,"href":"https:\/\/www.mediamixx.eu\/de\/wp-json\/wp\/v2\/users\/1"}],"replies":[{"embeddable":true,"href":"https:\/\/www.mediamixx.eu\/de\/wp-json\/wp\/v2\/comments?post=66"}],"version-history":[{"count":19,"href":"https:\/\/www.mediamixx.eu\/de\/wp-json\/wp\/v2\/pages\/66\/revisions"}],"predecessor-version":[{"id":2347,"href":"https:\/\/www.mediamixx.eu\/de\/wp-json\/wp\/v2\/pages\/66\/revisions\/2347"}],"wp:attachment":[{"href":"https:\/\/www.mediamixx.eu\/de\/wp-json\/wp\/v2\/media?parent=66"}],"curies":[{"name":"wp","href":"https:\/\/api.w.org\/{rel}","templated":true}]}}