{"id":344,"date":"2019-04-03T12:19:45","date_gmt":"2019-04-03T10:19:45","guid":{"rendered":"http:\/\/localhost\/?page_id=344"},"modified":"2025-04-03T16:36:21","modified_gmt":"2025-04-03T14:36:21","slug":"agb","status":"publish","type":"page","link":"https:\/\/www.mediamixx.eu\/de\/agb\/","title":{"rendered":"AGB"},"content":{"rendered":"<div class=\"content\">\n<div class=\"content_inner \">\n<div class=\"title \">\n<div class=\"container\">\n<div class=\"container_inner clearfix\">\n<div class=\"title_text\">\n<h1>Allgemeine Gesch\u00e4ftsbedingungen (AGB)<\/h1>\n<\/div>\n<\/div>\n<\/div>\n<\/div>\n<div class=\"container\">\n<div class=\"container_inner clearfix\">\n<h2>Stand: April 2025<\/h2>\n<h3>I. BEGRIFFSBESTIMMUNG, GELTUNGSBEREICH, ZUSAMMENARBEIT<\/h3>\n<p>1. Gesch\u00e4ftsgegenstand: Die mediamixx GmbH erbringt Kommunikationsdienstleistungen im weitesten Sinne des Wortes.<br \/>\n2. G\u00fcltigkeit: Diese Allgemeinen Gesch\u00e4ftsbedingungen gelten f\u00fcr alle Leistungen der mediamixx GmbH, unabh\u00e4ngig vom Ort der Leistungserbringung. Sie sind vom Auftraggeber zu unterzeichnen und Bestandteil des gegenseitigen Vertragsverh\u00e4ltnisses.<br \/>\n3. Unter \u201eAuftrag\u201c ist das Vertragsverh\u00e4ltnis zwischen der mediamixx GmbH und einem Auftraggeber zu verstehen. Jeder Auftrag wird durch eine Auftragsbest\u00e4tigung erteilt, die auf einem vorherigen Angebot der mediamixx GmbH beruht. Dieses Angebot bildet die Grundlage f\u00fcr die sp\u00e4tere Rechnungsstellung. Art und Umfang der Dienstleistung werden im Angebot sowie der Auftragsbest\u00e4tigung n\u00e4her beschrieben. Die Auftragsbest\u00e4tigung gilt somit auch gleichzeitig als Leistungsbeschreibung f\u00fcr den jeweiligen Auftrag.<br \/>\n4. Auftraggeber ist derjenige, der die mediamixx GmbH mit einer Dienstleistung beauftragt.<br \/>\n5. Die mediamixx GmbH ist berechtigt, einzelne Bestandteile von Auftr\u00e4gen an freie Mitarbeiter oder Partnerunternehmen weiterzugeben, ohne den Auftraggeber dar\u00fcber explizit zu informieren. Der Auftraggeber ist nur dann berechtigt, die Weitergabe von Auftr\u00e4gen an freie Mitarbeiter zu beanstanden, wenn daf\u00fcr wichtige Gr\u00fcnde vorliegen, der er der mediamixx GmbH mitteilt.<br \/>\n6. Abweichende Gesch\u00e4ftsbedingungen des Auftraggebers haben nur G\u00fcltigkeit, soweit die mediamixx GmbH sie schriftlich anerkannt hat.<\/p>\n<p>7. Verschwiegenheit: Die mediamixx GmbH verpflichtet sich, Stillschweigen \u00fcber alle Daten und Fakten zu bewahren, die ihr im Zusammenhang mit ihrer T\u00e4tigkeit f\u00fcr den Auftraggeber \u00fcber den Auftraggeber bekannt werden. Umgekehrt verpflichtet sich der Auftraggeber, Verschwiegenheit \u00fcber alle Interna zu bewahren, die ihm im Rahmen der Zusammenarbeit \u00fcber die mediamixx GmbH bekannt werden.<br \/>\n8. Grunds\u00e4tzliches Vorgehen:<br \/>\n\u2013 Jeder Auftraggeber erh\u00e4lt zun\u00e4chst ein schriftliches Angebot. Das Angebot selbst und die damit verbundenen Besprechungen sind f\u00fcr den Auftraggeber kostenfrei.<\/p>\n<p><strong>Besondere Vorgehensweise f\u00fcr PR-T\u00e4tigkeiten<\/strong><br \/>\n\u2013 Nach Annahme des Angebotes erh\u00e4lt der Auftraggeber auf Grundlage des Briefings ein Konzept. Dieses Konzept ist kostenpflichtig. Der Preis wird im Angebot angeboten und in der Auftragsbest\u00e4tigung festgelegt.<br \/>\n\u2013 Nach Annahme des Konzeptes startet die mediamixx GmbH mit der Umsetzung der besprochenen Ma\u00dfnahmen.<br \/>\n\u2013 Pitch: Wird f\u00fcr einen Pitch ein Angebot verlangt, so ist die Erstellung des Angebotes grunds\u00e4tzlich kostenfrei. Wird f\u00fcr einen Pitch aber bereits ein Konzept oder eine Kreativleistung erwartet, so ist diese kostenpflichtig. Die H\u00f6he der Verg\u00fctung ist individuell zu vereinbaren, als Grundlage dienen Angebot und Auftragsbest\u00e4tigung. Sollte kein Auftrag zustande kommen, wird der Auftrag auf Stundenbasis berechnet zzgl. der entstandenen Kosten.<\/p>\n<h3>II. TERMINE, LIEFERFRISTEN<\/h3>\n<p>1. Termine und Lieferfristen werden schriftlich vereinbart und gegenseitig best\u00e4tigt.<br \/>\n2. Die mediamixx GmbH unternimmt alles, was in der Branche \u00fcblicherweise von einem professionellen Anbieter erwartet werden kann, um den Auftrag fristgerecht und in der erforderlichen Qualit\u00e4t auszuf\u00fchren. Daf\u00fcr stellt die mediamixx GmbH das ben\u00f6tigte Personal, die technischen Voraussetzungen und das erforderliche Know-how bereit.<br \/>\n3. Die mediamixx GmbH weist ihre Auftraggeber ausdr\u00fccklich auf deren Mitwirkungspflicht hin. Ein Auftrag kann aber nur dann rechtzeitig und in der erforderlichen Qualit\u00e4t ausgef\u00fchrt werden, wenn der Auftraggeber diese Pflicht zur Mitwirkung erf\u00fcllt und der mediamixx GmbH alle erforderlichen Informationen rechtzeitig und vollst\u00e4ndig zur Verf\u00fcgung stellt. Zudem hat der Auftraggeber die mediamixx GmbH fr\u00fchzeitig \u00fcber besondere Ausf\u00fchrungsformen zu unterrichten (u.a. Anlieferung auf bestimmten Datentr\u00e4gern, Anzahl der Ausfertigungen, \u00e4u\u00dfere Form der Textanlieferung etc.). Informationen und Unterlagen, die zur Erstellung der Kommunikationsmittel notwendig sind, hat der Auftraggeber der mediamixx GmbH unaufgefordert und rechtzeitig zur Verf\u00fcgung zu stellen (Glossare des Auftraggebers, Abbildungen, Zeichnungen, Tabellen, Abk\u00fcrzungen etc.).<br \/>\nDie mediamixx GmbH haftet folglich nicht f\u00fcr Lieferverz\u00f6gerungen, die in der mangelnden Mitwirkung des Auftraggebers begr\u00fcndet liegen. Die mediamixx GmbH macht den Auftraggeber fr\u00fchzeitig schriftlich darauf aufmerksam, falls eine Verz\u00f6gerung infolge der beschriebenen Gr\u00fcnde abzusehen ist.<br \/>\n4. Kommt der Auftraggeber seinen Verpflichtungen trotz eines bestehenden Auftragsverh\u00e4ltnisses nicht oder nicht rechtzeitig nach, so ist die mediamixx GmbH berechtigt, eine Entsch\u00e4digung auf Grundlage der \u00a7 642 (\u201eMitwirkung des Bestellers\u201c) und 643 (\u201eK\u00fcndigung bei unterlassener Mitwirkung\u201c) BGB zu fordern \u2013 schlie\u00dflich stellt die mediamixx GmbH f\u00fcr jeden Auftrag entsprechende Ressourcen bereit (siehe Absatz 2). Weitergehende Anspr\u00fcche bleiben vorbehalten.<br \/>\n5. F\u00fcr eine verz\u00f6gerte Leistungserbringung\/Lieferung, die auf Grundlage h\u00f6herer Gewalt (Naturkatastrophen, technische St\u00f6rungen bei Providern oder in Kommunikationsnetzen etc.) erfolgt \u00fcbernimmt die mediamixx GmbH keine Haftung. Der Auftraggeber wird schnellstm\u00f6glich informiert, wenn aus den genannten Gr\u00fcnden Verz\u00f6gerungen unausweichlich sind (siehe \u201eH\u00d6HERE GEWALT\u201c).<\/p>\n<h3>III. LEISTUNGSUMFANG, VERG\u00dcTUNG<\/h3>\n<p>1. Art und Umfang der vereinbarten Leistungen sowie die entsprechende Verg\u00fctung werden in Angebot und Auftragsbest\u00e4tigung n\u00e4her beschrieben. Mehraufwand der mediamixx GmbH aufgrund von \u00c4nderungs- und Erg\u00e4nzungsw\u00fcnschen des Auftraggebers, die nicht in der Auftragsbest\u00e4tigung beschrieben sind, wird zus\u00e4tzlich gem\u00e4\u00df den vereinbarten Stundens\u00e4tzen bzw. Wortpreisen berechnet. Bei drohender \u00dcberschreitung des urspr\u00fcnglichen Angebotsvolumens von mehr als 10 Prozent, legt die mediamixx GmbH dem Auftraggeber ein erg\u00e4nzendes Angebot vor, dass seinerseits einer neuen Best\u00e4tigung bedarf. Zudem werden zus\u00e4tzliche Recherchet\u00e4tigkeiten, die bei Erstellung der Auftragsbest\u00e4tigung nicht abzusehen waren, nach Zeitaufwand separat berechnet. Hierzu erstellt die mediamixx GmbH dem Auftraggeber ein separates Angebot f\u00fcr die zus\u00e4tzlichen T\u00e4tigkeiten.<br \/>\n2. Der Auftraggeber tr\u00e4gt die zus\u00e4tzlich anfallenden Kosten, wenn die mediamixx GmbH Leistungen aufgrund fehlerhafter oder unvollst\u00e4ndiger Briefings wiederholen muss oder sich die Fertigstellung ernsthaft verz\u00f6gert.<br \/>\n3. K\u00fcndigt der Auftraggeber einen Auftrag, den er gegen\u00fcber der mediamixx GmbH best\u00e4tigt hat, vorzeitig, gelten bez\u00fcglich des Honorars der mediamixx GmbH zwischen den Vertragspartnern die Regelungen des \u00a7 649 BGB (\u201eK\u00fcndigungsrecht des Bestellers\u201c).<br \/>\n4. Die mediamixx GmbH \u00fcberpr\u00fcft die rechtliche Zul\u00e4ssigkeit der Kommunikationsaussagen des Auftraggebers nur dann, wenn dies in der Leistungsbeschreibung ausdr\u00fccklich gefordert ist. Falls der Auftraggeber die mediamixx GmbH mit diesen Leistungen beauftragt, tr\u00e4gt er die hierf\u00fcr entstehenden Geb\u00fchren und Kosten.<br \/>\n5. Die mediamixx GmbH ist nicht verpflichtet, die in den Kommunikationsaussagen des Auftraggebers genannten Aussagen \u00fcber Produkte und Leistungen des Auftraggebers auf ihre Richtigkeit zu \u00fcberpr\u00fcfen.<br \/>\n6. Die mediamixx GmbH legt dem Auftraggeber alle Leistungen (u.a. Texte, \u00dcbersetzungen, Ablaufpl\u00e4ne, grafische Entw\u00fcrfe etc.) vor Ver\u00f6ffentlichung zur Pr\u00fcfung und Freigabe vor. Mit der Freigabe der vorgelegten Produkte \u00fcbernimmt der Auftraggeber die Verantwortung f\u00fcr die Richtigkeit von Inhalt, Bild, Ton und Text.<br \/>\n7. Sp\u00e4tere \u00c4nderungen\/Erg\u00e4nzungen, die der Auftraggeber nach Freigabe w\u00fcnscht, werden seitens der mediamixx GmbH separat berechnet.<\/p>\n<h3>IV. PRODUKTIONS\u00dcBERWACHUNG<\/h3>\n<p>1. Die mediamixx GmbH erstellt f\u00fcr Auftraggeber unterschiedliche Kommunikationsmittel (u.a. Zeitungen, Brosch\u00fcren, Poster, Aufkleber etc.) und organisiert Veranstaltungen, wobei Dritte f\u00fcr einzelne Bestandteile der Gesamtleistung beauftragt werden (u.a. Fotografen, Druckereien, Eventtechniker, \u00dcbersetzer etc.). Die mediamixx GmbH \u00fcbernimmt im Namen und auf Rechnung des Auftraggebers die Beauftragung, Koordination sowie die \u00dcberwachung der Produkterstellung. Der Auftraggeber wird Vertragspartner der seitens der mediamixx GmbH beauftragten Firmen und ist damit f\u00fcr die Begleichung der entsprechenden Rechnungen dieser Firmen verantwortlich.<br \/>\n2. Die mediamixx GmbH kontrolliert die Leistungen und Rechnungen der Dritten und leitet die Rechnungen an den Auftraggeber weiter.<br \/>\n3. Die Verg\u00fctung f\u00fcr diese Kontroll- und Koordinierungsleistungen ist jeweils individuell mit dem Auftraggeber zu verhandeln und als Teil der Auftragsbest\u00e4tigung zu best\u00e4tigen.<br \/>\n4. Falls zwischen dem Auftraggeber und der mediamixx GmbH vereinbart ist, dass diese Leistungen komplett im Namen und auf Rechnung der mediamixx GmbH zu erstellen sind, werden alle anfallenden Fremdkosten von der mediamixx GmbH an den Auftraggeber weiterberechnet. In diesem Fall schuldet der Auftraggeber die gesamten Fremdkosten als sofortige Vorauszahlung.<br \/>\n5. Falls die mediamixx GmbH im eigenen Namen und auf eigene Rechnung Anzeigen und Bannerwerbung (u.a. in Zeitschriften, Online-Portalen etc.) f\u00fcr den Auftraggeber bucht, so sind diese Fremdkosten ab Buchungsbest\u00e4tigung als Vorauszahlung f\u00e4llig.<\/p>\n<h3>V. HAFTUNG<\/h3>\n<p>1. Die mediamixx GmbH haftet bei Vorsatz und grober Fahrl\u00e4ssigkeit nach den gesetzlichen Vorschriften. Der Haftungszeitraum ist auf sechs Monate ab Liefertermin begrenzt.<\/p>\n<p>2. Bei leichter Fahrl\u00e4ssigkeit haftet die mediamixx GmbH nur dann, wenn eine wesentliche Vertragspflicht verletzt wird, oder wenn die Erf\u00fcllung des Auftrags unm\u00f6glich geworden ist.<\/p>\n<h3>VI. ZAHLUNGSBEDINGUNGEN<\/h3>\n<p>1. Die mediamixx GmbH stellt ihre Leistungen grunds\u00e4tzlich folgenderma\u00dfen in Rechnung:<\/p>\n<p><strong>PR-Leistungen:<\/strong><br \/>\n\u2013 50 Prozent bei Auftragserteilung<br \/>\n\u2013 50 Prozent bei Fertigstellung des Auftrags<\/p>\n<p><strong>Redaktionelle Leistungen<\/strong><br \/>\n\u2013 Unmittelbar nach Erstellung der druckfertigen PDF-Dokumente<\/p>\n<p><strong>\u00dcbersetzungen<\/strong><br \/>\n\u2013 Unmittelbar nach Freigabe und Annahme durch den Kunden<\/p>\n<p><strong>Grafische Leistungen<\/strong><br \/>\n\u2013 Unmittelbar nach Freigabe durch den Kunden<\/p>\n<p><strong>Event-Leistungen<\/strong><br \/>\n\u2013 50 Prozent bei Auftragserteilung<br \/>\n\u2013 50 Prozent unmittelbar nach Beendigung des Auftrags<\/p>\n<p><strong>Fremdkosten<\/strong><br \/>\n\u2013 Unmittelbar vor der Beauftragung Dritter durch die mediamixx GmbH.<\/p>\n<p>F\u00fcr alle Rechnungen gilt eine Zahlungsfrist von maximal 7 Tagen nach Rechnungsdatum.<br \/>\nGrunds\u00e4tzlich werden Stundens\u00e4tze bzw. Wortpreise vereinbart. In Ausnahmef\u00e4llen k\u00f6nnen mit dem Auftraggeber Tagess\u00e4tze vereinbart werden. Abweichungen von diesen Zahlungsbedingungen sind in der Auftragsbest\u00e4tigung ausdr\u00fccklich festzuhalten.<br \/>\nIm Falle des Zahlungsverzugs ist die mediamixx GmbH vorbehaltlich der Geltendmachung eines weitergehenden Schadens berechtigt, Zinsen in H\u00f6he der bank\u00fcblichen Sollzinsen, mindestens jedoch 8 Prozentpunkte \u00fcber dem jeweils g\u00fcltigen Basissatz, dem Auftraggeber zu berechnen. Im Falle des Zahlungsverzugs einer Rechnung werden sofort alle Forderungen der mediamixx GmbH gegen den Auftraggeber f\u00e4llig. Dies gilt insbesondere auch, wenn eine Einzugserm\u00e4chtigung zur sofortigen Lastschrift vom Konto widerrufen oder nicht eingel\u00f6st wird. Eine Zahlung gilt erst dann als geleistet, wenn die mediamixx GmbH \u00fcber den Betrag unwiderruflich verf\u00fcgen kann. Sofern keine besondere Leistungsbestimmung getroffen wurde, werden Zahlungen seitens der mediamixx GmbH zun\u00e4chst auf Kosten, dann auf die Zinsen und zuletzt auf die Hauptforderung verrechnet.<\/p>\n<p>Die mediamixx GmbH ist im Falle des Zahlungsverzugs des Auftraggebers berechtigt, ein registriertes Inkassounternehmen mit dem Forderungseinzug zu beauftragen. Der Auftraggeber hat aufgrund der Einschaltung des Inkassounternehmens hinsichtlich der au\u00dfergerichtlichen T\u00e4tigkeit eine entstehende Verg\u00fctung bis zur H\u00f6he einer anlog 1,5 Geb\u00fchr nach Nr. 2300 VV RVG nebst Auslagen von maximal \u20ac 20,00 zugunsten der mediamixx GmbH zu erstatten. Kosten, die im Rahmen von Titulierungs- und Zwangsvollstreckungsma\u00dfnahmen entstehen, sind seitens des Auftraggebers ebenfalls zu ersetzen.<br \/>\n2. Alle Preise sind Nettopreise und verstehen sich zuz\u00fcglich der gesetzlichen Umsatzsteuer. Geb\u00fchren und sonstige Abgaben wie die K\u00fcnstlersozialversicherung tr\u00e4gt der Auftraggeber.<br \/>\n3. Der Auftraggeber darf Rechnungen der mediamixx GmbH nur mit unbestrittenen Forderungen gegen\u00fcber der mediamixx GmbH verrechnen.<br \/>\n4. Eigentumsvorbehalt: Der Auftraggeber darf die von der mediamixx GmbH erstellten Produkte und Dienstleistungen erst dann nutzen, wen diese vollst\u00e4ndig bezahlt sind. Bis zu diesem Zeitpunkt verbleiben die genannten Produkte Eigentum der mediamixx GmbH.<\/p>\n<h3>VII. AUFWENDUNGEN<\/h3>\n<p>1. Jeder Vertragspartner tr\u00e4gt die Kosten f\u00fcr Porto und Telekommunikation, die aus dem Gesch\u00e4ftsverkehr mit der anderen Seite entstehen. Gesonderte Verg\u00fctungen sind in der Auftragsbest\u00e4tigung ausdr\u00fccklich festzuhalten.<\/p>\n<p>2. Reisekosten werden dem Auftraggeber wie folgt berechnet:<br \/>\n\u2013 Bahnreisen und Fl\u00fcge: nach Belegen<br \/>\n\u2013 Stundenaufwand: gem\u00e4\u00df Auftragsbest\u00e4tigung<br \/>\n\u2013 Reisekosten im eigenen Pkw: 0,40 Euro\/km. Kosten f\u00fcr An- und Abreise mit dem Flugzeug oder der Bahn werden eins zu eins weiterberechnet.<br \/>\n3. Sonstige Kosten wie Anwaltsgeb\u00fchren, Kurierkosten, Transportkosten, Farbkopien und Farbausdrucke, die vom Auftraggeber bestellt werden, werden dem Auftraggeber in voller H\u00f6he gesondert berechnet.<\/p>\n<p>4. Besprechungskosten: Die ersten beiden Besprechungen im Hause des Kunden sind kostenlos, wenn sich dessen Sitz in den Niederlanden oder in Nordrhein-Westfalen, Niedersachsen oder Rheinland-Pfalz befindet. Alle weiteren Besprechungen werden gem\u00e4\u00df den vereinbarten Stundens\u00e4tzen zuz\u00fcglich der Reisekosten abgerechnet. Abweichungen werden im Angebot\/in der Auftragsbest\u00e4tigung festgehalten.<br \/>\n5. In den vereinbarten Preisen f\u00fcr die Umsetzung diverser Ma\u00dfnahmen und Produkte sind jeweils zwei Korrekturrunden enthalten \u2013 unter der Voraussetzung, dass der Auftraggeber seine Mitwirkungspflicht nicht durch ein fehlerhaftes, unvollst\u00e4ndiges oder nicht termingerechtes Briefing verletzt hat. Zus\u00e4tzliche Korrekturrunden sind in jedem Fall kostenpflichtig und werden nachberechnet.<\/p>\n<h3>VIII. URHEBERRECHT<\/h3>\n<p>1. Nach vollst\u00e4ndiger Bezahlung der von der mediamixx GmbH f\u00fcr den Auftraggeber erstellten Kommunikationsmittel geht das in der Auftragsbest\u00e4tigung festgelegte Nutzungsrecht f\u00fcr die Kommunikationsmittel auf den Auftraggeber \u00fcber. Das Nutzungsrecht ist f\u00fcr jeden Auftrag individuell festzulegen, sowohl hinsichtlich der regionalen Nutzung, als auch hinsichtlich der zeitlichen Nutzung. Eine Bearbeitung oder inhaltliche \u00c4nderung der von der Agentur gestalteten Kommunikationsmittel ist nur mit vorheriger Zustimmung der mediamixx GmbH zul\u00e4ssig.<\/p>\n<p>2. Falls zur Erstellung von Kommunikationsmitteln bestimmte Nutzungs- oder Verwertungsrechte oder Zustimmungen Dritter erforderlich sind, holt die mediamixx GmbH im Namen und auf Rechnung des Auftraggebers die entsprechenden Genehmigungen ein.<br \/>\n3. Die mediamixx GmbH Agentur \u00fcbernimmt keine Haftung daf\u00fcr, falls bez\u00fcglich der von ihr erstellten Kommunikationsmittel Rechte Dritter bestehen.<br \/>\n4. Die mediamixx GmbH darf die von ihr erstellten Kommunikationsmittel zeitlich unbeschr\u00e4nkt zur Eigenwerbung nutzen. Ob der Auftraggeber als Referenzkunde genannt werden darf, ist vorab mit dem Auftraggeber abzustimmen.<\/p>\n<p>5. Die Nutzungsrechte f\u00fcr vom Auftraggeber abgelehnte oder nicht ausgef\u00fchrte Entw\u00fcrfe bleiben bei der mediamixx GmbH. Dies gilt auch f\u00fcr Leistungen, die nicht Gegenstand besonderer Rechte (u.a. des Urheberrechts) sind.<\/p>\n<h3>IX. PROTOKOLLE<\/h3>\n<p>1. Die mediamixx GmbH \u00fcbergibt dem Auftraggeber innerhalb von f\u00fcnf Arbeitstagen nach jeder Besprechung mit dem Auftraggeber ein Besprechungsprotokoll. Diese Protokolle dienen nach gegenseitiger Freizeichnung als Grundlage f\u00fcr die weitere Bearbeitung des Auftrags.<\/p>\n<h3>X. H\u00d6HERE GEWALT<\/h3>\n<p>1. Die mediamixx GmbH haftet nicht im Falle h\u00f6herer Gewalt im Sine der Force Majeure-Klausel. Dazu z\u00e4hlen u.a. Krieg, B\u00fcrgerkrieg, terroristische Anschl\u00e4ge, Naturkatastrophen, extreme Wetterlagen, Generalstreiks, der unverschuldete Ausfall aller Onlinezug\u00e4nge, die Zerst\u00f6rung der B\u00fcror\u00e4ume und aller erforderlichen technischen Hilfsmittel, Personalausfall durch Epidemien, Streiks von Zulieferern und Dienstleistern etc.<\/p>\n<h3>XI. SCHLUSSBESTIMMUNGEN<\/h3>\n<p>1. Salvatorische Klausel: Sollte eine Bestimmung dieser Vereinbarung unwirksam sein, wird die Wirksamkeit der \u00fcbrigen Bestimmungen hiervon nicht ber\u00fchrt. Die Parteien verpflichten sich, die unwirksame Bestimmung durch eine dieser in Interessenlage und Bedeutung m\u00f6glichst nahe kommende, wirksame Vereinbarung zu ersetzen.<br \/>\n2. Gerichtsstand f\u00fcr alle Streitigkeiten zwischen dem Auftraggeber und der mediamixx GmbH ist Kleve, Deutschland.<br \/>\n3. Sollte es zu Diskussionen \u00fcber die Qualit\u00e4t der von der mediamixx GmbH erstellten Kommunikationsmittel und Dienstleistungen kommen, so versuchen beide Vertragsparteien zun\u00e4chst, auf dem Verhandlungswege eine f\u00fcr alle Beteiligten zufriedenstellende L\u00f6sung zu finden. Hierf\u00fcr kann bei Bedarf ein neutraler Schlichter eingeschaltet werden.<br \/>\n4. Anwendbar ist ausschlie\u00dflich deutsches Recht.<\/p>\n<\/div>\n<\/div>\n<\/div>\n<\/div>\n","protected":false},"excerpt":{"rendered":"<p>Allgemeine Gesch\u00e4ftsbedingungen (AGB) Stand: April 2025 I. BEGRIFFSBESTIMMUNG, GELTUNGSBEREICH, ZUSAMMENARBEIT 1. Gesch\u00e4ftsgegenstand: Die mediamixx GmbH erbringt Kommunikationsdienstleistungen im weitesten Sinne des Wortes. 2. G\u00fcltigkeit: Diese Allgemeinen Gesch\u00e4ftsbedingungen gelten f\u00fcr alle Leistungen der mediamixx GmbH, unabh\u00e4ngig vom Ort der Leistungserbringung. Sie sind vom Auftraggeber zu unterzeichnen und Bestandteil des gegenseitigen Vertragsverh\u00e4ltnisses. 3. Unter \u201eAuftrag\u201c ist das&hellip;<\/p>\n","protected":false},"author":1,"featured_media":0,"parent":0,"menu_order":0,"comment_status":"closed","ping_status":"closed","template":"","meta":{"_acf_changed":false,"footnotes":""},"acf":[],"_links":{"self":[{"href":"https:\/\/www.mediamixx.eu\/de\/wp-json\/wp\/v2\/pages\/344"}],"collection":[{"href":"https:\/\/www.mediamixx.eu\/de\/wp-json\/wp\/v2\/pages"}],"about":[{"href":"https:\/\/www.mediamixx.eu\/de\/wp-json\/wp\/v2\/types\/page"}],"author":[{"embeddable":true,"href":"https:\/\/www.mediamixx.eu\/de\/wp-json\/wp\/v2\/users\/1"}],"replies":[{"embeddable":true,"href":"https:\/\/www.mediamixx.eu\/de\/wp-json\/wp\/v2\/comments?post=344"}],"version-history":[{"count":5,"href":"https:\/\/www.mediamixx.eu\/de\/wp-json\/wp\/v2\/pages\/344\/revisions"}],"predecessor-version":[{"id":2787,"href":"https:\/\/www.mediamixx.eu\/de\/wp-json\/wp\/v2\/pages\/344\/revisions\/2787"}],"wp:attachment":[{"href":"https:\/\/www.mediamixx.eu\/de\/wp-json\/wp\/v2\/media?parent=344"}],"curies":[{"name":"wp","href":"https:\/\/api.w.org\/{rel}","templated":true}]}}