{"id":328,"date":"2019-04-03T11:48:15","date_gmt":"2019-04-03T09:48:15","guid":{"rendered":"http:\/\/localhost\/?page_id=328"},"modified":"2023-01-20T12:09:51","modified_gmt":"2023-01-20T11:09:51","slug":"b2b","status":"publish","type":"page","link":"https:\/\/www.mediamixx.eu\/de\/b2b\/","title":{"rendered":"Kundenbeispiele B2B-Kommunikation"},"content":{"rendered":"<div class=\"wpb-content-wrapper\">[vc_row][vc_column][vc_column_text]\n<h2>Hier finden Sie einige Referenzen im Bereich Business-to-Business<\/h2>\n[\/vc_column_text][\/vc_column][\/vc_row][vc_row][vc_column][vc_empty_space height=&#8220;20px&#8220;][\/vc_column][\/vc_row][vc_row][vc_column width=&#8220;1\/3&#8243;][vc_hoverbox image=&#8220;2310&#8243; primary_title=&#8220;&#8220; hover_title=&#8220;ACE Sto\u00dfd\u00e4mpfer&#8220; hover_background_color=&#8220;custom&#8220; css_animation=&#8220;flipInY&#8220; hover_custom_background=&#8220;#fbba00&#8243;]ACE Sto\u00dfd\u00e4mpfer liefert Industriesto\u00dfd\u00e4mpfer, Gasfedern und Schwingungstechnik in allen Varianten und Gr\u00f6\u00dfen. mediamixx gibt in den Niederlanden und Belgien den Ansto\u00df und k\u00fcmmert sich dort um die PR-Aktivit\u00e4ten und die Mediaplanung f\u00fcr das Unternehmen. Zudem stehen wir regelm\u00e4\u00dfig f\u00fcr \u00dcbersetzungen und Messebesuche zur Verf\u00fcgung.<\/p>\n<p>&nbsp;<\/p>\n[\/vc_hoverbox][\/vc_column][vc_column width=&#8220;1\/3&#8243;][vc_hoverbox image=&#8220;1539&#8243; primary_title=&#8220;&#8220; hover_title=&#8220;Standort Niederrhein&#8220; hover_background_color=&#8220;custom&#8220; css_animation=&#8220;flipInY&#8220; hover_custom_background=&#8220;#fbba00&#8243;]Standort Niederrhein informiert, ber\u00e4t und unterst\u00fctzt niederl\u00e4ndische Unternehmer, die am Niederrhein aktiv werden m\u00f6chten. mediamixx produziert Nachrichtenartikel, Interviews und Best-Practice-Beispiele \u00fcber Unternehmen, die bereits erfolgreich den Schritt an den Niederrhein gemacht haben, f\u00fcr die niederl\u00e4ndische Website.<\/p>\n[\/vc_hoverbox][\/vc_column][vc_column width=&#8220;1\/3&#8243;][vc_hoverbox image=&#8220;1221&#8243; primary_title=&#8220;&#8220; hover_title=&#8220;Qwiek&#8220; hover_background_color=&#8220;custom&#8220; css_animation=&#8220;flipInY&#8220; hover_custom_background=&#8220;#fbba00&#8243;]Innovative Produkte f\u00fcr den Pflegebereich: Das ist die Spezialit\u00e4t von Qwiek. Mediamixx unterst\u00fctzt das Unternehmen seit seinem Markteintritt in Deutschland 2018 in den Bereichen \u00d6ffentlichkeitsarbeit, Media- und Veranstaltungsplanung.<\/p>\n[\/vc_hoverbox][\/vc_column][\/vc_row][vc_row][vc_column][vc_empty_space height=&#8220;20px&#8220;][\/vc_column][\/vc_row][vc_row][vc_column width=&#8220;1\/3&#8243;][vc_hoverbox image=&#8220;1518&#8243; primary_title=&#8220;&#8220; hover_title=&#8220;PCV Group&#8220; hover_background_color=&#8220;custom&#8220; css_animation=&#8220;flipInY&#8220; hover_custom_background=&#8220;#fbba00&#8243;]Die PCV Group versteht sich auf Produktentwicklung und -design: Ihre Hightech-L\u00f6sungen schaffen Werte. Die technische Herausforderung kann dabei nicht kniffelig genug sein! Diese zentrale Botschaft an (potenzielle) Kunden aus verschiedensten Branchen untermauern wir mit starkem Content.<\/p>\n[\/vc_hoverbox][\/vc_column][vc_column width=&#8220;1\/3&#8243;][vc_hoverbox image=&#8220;1236&#8243; primary_title=&#8220;&#8220; hover_title=&#8220;Takko&#8220; hover_background_color=&#8220;custom&#8220; css_animation=&#8220;flipInY&#8220; hover_custom_background=&#8220;#fbba00&#8243;]F\u00fcr das bekannte Textilunternehmen \u00fcbersetzen wir Dokumente f\u00fcr die interne Kommunikation sowohl ins Deutsche als auch ins Niederl\u00e4ndische.<\/p>\n<p>&nbsp;<\/p>\n<p>&nbsp;<\/p>\n[\/vc_hoverbox][\/vc_column][vc_column width=&#8220;1\/3&#8243;][vc_hoverbox image=&#8220;1543&#8243; primary_title=&#8220;&#8220; hover_title=&#8220;Wintershall Dea AG&#8220; hover_background_color=&#8220;custom&#8220; css_animation=&#8220;flipInY&#8220; hover_custom_background=&#8220;#fbba00&#8243;]Die Wintershall Dea GmbH ist der gr\u00f6\u00dfte unabh\u00e4ngige Produzent von Erd\u00f6l und Erdgas in Europa. Die Wintershall Holding GmbH und DEA Deutsche Erdoel AG haben im Mai 2019 fusioniert. Schon seit vielen Jahren l\u00e4dt mediamixx niederl\u00e4ndische Journalisten zur Jahrespressekonferenz ein, vermittelt Interviews und h\u00e4lt Wintershall Dea \u00fcber Neuigkeiten aus dem niederl\u00e4ndischen Energiemarkt auf dem Laufenden.<\/p>\n[\/vc_hoverbox][\/vc_column][\/vc_row][vc_row][vc_column][vc_empty_space height=&#8220;40px&#8220;][\/vc_column][\/vc_row]\n<\/div>","protected":false},"excerpt":{"rendered":"<p>[vc_row][vc_column][vc_column_text] Hier finden Sie einige Referenzen im Bereich Business-to-Business [\/vc_column_text][\/vc_column][\/vc_row][vc_row][vc_column][vc_empty_space height=&#8220;20px&#8220;][\/vc_column][\/vc_row][vc_row][vc_column width=&#8220;1\/3&#8243;][vc_hoverbox image=&#8220;2310&#8243; primary_title=&#8220;&#8220; hover_title=&#8220;ACE Sto\u00dfd\u00e4mpfer&#8220; hover_background_color=&#8220;custom&#8220; css_animation=&#8220;flipInY&#8220; hover_custom_background=&#8220;#fbba00&#8243;]ACE Sto\u00dfd\u00e4mpfer liefert Industriesto\u00dfd\u00e4mpfer, Gasfedern und Schwingungstechnik in allen Varianten und Gr\u00f6\u00dfen. mediamixx gibt in den Niederlanden und Belgien den Ansto\u00df und k\u00fcmmert sich dort um die PR-Aktivit\u00e4ten und die Mediaplanung f\u00fcr das Unternehmen. Zudem stehen wir&hellip;<\/p>\n","protected":false},"author":1,"featured_media":0,"parent":0,"menu_order":0,"comment_status":"closed","ping_status":"closed","template":"","meta":{"_acf_changed":false,"footnotes":""},"acf":[],"_links":{"self":[{"href":"https:\/\/www.mediamixx.eu\/de\/wp-json\/wp\/v2\/pages\/328"}],"collection":[{"href":"https:\/\/www.mediamixx.eu\/de\/wp-json\/wp\/v2\/pages"}],"about":[{"href":"https:\/\/www.mediamixx.eu\/de\/wp-json\/wp\/v2\/types\/page"}],"author":[{"embeddable":true,"href":"https:\/\/www.mediamixx.eu\/de\/wp-json\/wp\/v2\/users\/1"}],"replies":[{"embeddable":true,"href":"https:\/\/www.mediamixx.eu\/de\/wp-json\/wp\/v2\/comments?post=328"}],"version-history":[{"count":29,"href":"https:\/\/www.mediamixx.eu\/de\/wp-json\/wp\/v2\/pages\/328\/revisions"}],"predecessor-version":[{"id":2312,"href":"https:\/\/www.mediamixx.eu\/de\/wp-json\/wp\/v2\/pages\/328\/revisions\/2312"}],"wp:attachment":[{"href":"https:\/\/www.mediamixx.eu\/de\/wp-json\/wp\/v2\/media?parent=328"}],"curies":[{"name":"wp","href":"https:\/\/api.w.org\/{rel}","templated":true}]}}