{"id":325,"date":"2019-04-03T11:47:44","date_gmt":"2019-04-03T09:47:44","guid":{"rendered":"http:\/\/localhost\/?page_id=325"},"modified":"2021-08-05T15:37:51","modified_gmt":"2021-08-05T13:37:51","slug":"b2c","status":"publish","type":"page","link":"https:\/\/www.mediamixx.eu\/de\/b2c\/","title":{"rendered":"Kundenbeispiele B2C-Kommunikation"},"content":{"rendered":"<div class=\"wpb-content-wrapper\">[vc_row][vc_column][vc_column_text]\n<div class=\"vc_row wpb_row vc_row-fluid\">\n<div class=\"wpb_column vc_column_container vc_col-sm-12\">\n<div class=\"vc_column-inner \">\n<div class=\"wpb_wrapper\">\n<div class=\"wpb_text_column wpb_content_element \">\n<div class=\"wpb_wrapper\">\n<h2>Hier finden Sie einige Referenzen im Bereich Business-to-Consumer<\/h2>\n<\/div>\n<\/div>\n<\/div>\n<\/div>\n<\/div>\n<\/div>\n[\/vc_column_text][vc_empty_space][\/vc_column][\/vc_row][vc_row][vc_column width=&#8220;1\/3&#8243;][vc_hoverbox image=&#8220;1403&#8243; primary_title=&#8220;&#8220; hover_title=&#8220;Apenheul&#8220; hover_background_color=&#8220;custom&#8220; css_animation=&#8220;flipInY&#8220; hover_custom_background=&#8220;#fbba00&#8243;]Wo fast 300 Affen in nahezu nat\u00fcrlicher Umgebung leben, gibt es viel zu erz\u00e4hlen: Eine gefundenes Fressen f\u00fcr Storyteller wie uns. Wir betreuen die \u00d6ffentlichkeitsarbeit des niederl\u00e4ndischen Affenparks in Deutschland.<\/p>\n<p>&nbsp;<\/p>\n<p>&nbsp;<\/p>\n[\/vc_hoverbox][\/vc_column][vc_column width=&#8220;1\/3&#8243;][vc_hoverbox image=&#8220;1399&#8243; primary_title=&#8220;&#8220; hover_title=&#8220;Burgers&#8216; Zoo&#8220; hover_background_color=&#8220;custom&#8220; css_animation=&#8220;flipInY&#8220; hover_custom_background=&#8220;#fbba00&#8243;]Der Arnheimer Zoo ist \u00fcber 100 Jahre alt und entf\u00fchrt seine Besucher auf eine Reise durch die sch\u00f6nsten Landschaften der Erde. mediamixx betreut die Deutschland-PR. Auch \u00dcbersetzungsauftr\u00e4ge ins Deutsche und Englische geh\u00f6ren seit vielen Jahren zu unserem Aufgabenbereich.<\/p>\n<p>&nbsp;<\/p>\n[\/vc_hoverbox][\/vc_column][vc_column width=&#8220;1\/3&#8243;][vc_hoverbox image=&#8220;1230&#8243; primary_title=&#8220;&#8220; hover_title=&#8220;Das andere Holland&#8220; hover_background_color=&#8220;custom&#8220; css_animation=&#8220;flipInY&#8220; hover_custom_background=&#8220;#fbba00&#8243;]Schon seit vielen Jahren geh\u00f6rt das Interregprojekt zum mediamixx-Kundenstamm. Wir k\u00fcmmern uns auf deutscher Seite um die PR- und \u00d6ffentlichkeitsarbeit \u2013 offline, online und face-to-face.<\/p>\n[\/vc_hoverbox][\/vc_column][\/vc_row][vc_row][vc_column][vc_empty_space height=&#8220;20px&#8220;][\/vc_column][\/vc_row][vc_row][vc_column width=&#8220;1\/3&#8243;][vc_hoverbox image=&#8220;1401&#8243; primary_title=&#8220;&#8220; hover_title=&#8220;Efteling&#8220; hover_background_color=&#8220;custom&#8220; css_animation=&#8220;flipInY&#8220; hover_custom_background=&#8220;#fbba00&#8243;]Feen, Trolle, Drachen oder die Lausbuben von Wilhelm Busch: Im gr\u00f6\u00dften Freizeitpark der Niederlande erwachen sie zum Leben. Wir erz\u00e4hlen die Geschichten weiter und verwandeln sie in PR-Aktionen f\u00fcr den deutschen Markt.<\/p>\n[\/vc_hoverbox][\/vc_column][vc_column width=&#8220;1\/3&#8243;][vc_hoverbox image=&#8220;1232&#8243; primary_title=&#8220;&#8220; hover_title=&#8220;Marketing Drenthe&#8220; hover_background_color=&#8220;custom&#8220; css_animation=&#8220;flipInY&#8220; hover_custom_background=&#8220;#fbba00&#8243;]Die Provinz Drenthe bezeichnet sich selbst als die Urregion der Niederlande. Wir haben die Website ins Deutsche \u00fcbersetzt und sorgen mit verschiedenen Off- und Onlinekampagnen daf\u00fcr, dass sich deutsche Besucher auf den Weg \u00fcber die Grenze machen.<\/p>\n[\/vc_hoverbox][\/vc_column][vc_column width=&#8220;1\/3&#8243;][vc_hoverbox image=&#8220;1589&#8243; primary_title=&#8220;&#8220; hover_title=&#8220;Merlin Entertainments&#8220; hover_background_color=&#8220;custom&#8220; css_animation=&#8220;flipInY&#8220; hover_custom_background=&#8220;#fbba00&#8243;]In Oberhausen befindet sich das gr\u00f6\u00dfte SEA LIFE-Aquarium Deutschlands, im direkt daneben gelegenen LEGOLAND Discovery Centre dreht sich alles um die bunten Bausteine. Hinter beiden Einrichtungen verbirgt sich die Merlin Entertainments Group. Seit 2015 betreut mediamixx die PR in den Niederlanden.<\/p>\n[\/vc_hoverbox][\/vc_column][\/vc_row][vc_row][vc_column][vc_empty_space height=&#8220;20px&#8220;][\/vc_column][\/vc_row][vc_row][vc_column width=&#8220;1\/3&#8243;][vc_hoverbox image=&#8220;1494&#8243; primary_title=&#8220;&#8220; hover_title=&#8220;Mud Masters&#8220; hover_background_color=&#8220;custom&#8220; css_animation=&#8220;flipInY&#8220; hover_custom_background=&#8220;#fbba00&#8243;]Schlamm, soweit das Auge reicht und Zehntausende Teilnehmer: Seit einigen Jahren begleiten wir die Mud Masters in Weeze. Wir sind vor, w\u00e4hrend und nach dem Event Ansprechpartner f\u00fcr deutsche Journalisten und Influencer.<\/p>\n<p>&nbsp;<\/p>\n[\/vc_hoverbox][\/vc_column][vc_column width=&#8220;1\/3&#8243;][vc_hoverbox image=&#8220;1405&#8243; primary_title=&#8220;&#8220; hover_title=&#8220;Niederl\u00e4ndisches B\u00fcro f\u00fcr Tourismus &amp; Convention&#8220; hover_background_color=&#8220;custom&#8220; css_animation=&#8220;flipInY&#8220; hover_custom_background=&#8220;#fbba00&#8243;]Das Niederl\u00e4ndische B\u00fcro f\u00fcr Tourismus &amp; Convention vermarktet das Urlaubsziel Niederlande weltweit. Wir unterst\u00fctzen bei der Media-Planung und Content-Produktion einzelner Projekte f\u00fcr den deutschen Markt.<\/p>\n<p>&nbsp;<\/p>\n[\/vc_hoverbox][\/vc_column][vc_column width=&#8220;1\/3&#8243;][vc_hoverbox image=&#8220;1234&#8243; primary_title=&#8220;&#8220; hover_title=&#8220;Stichting Achterhoek Toerisme&#8220; hover_background_color=&#8220;custom&#8220; css_animation=&#8220;flipInY&#8220; hover_custom_background=&#8220;#fbba00&#8243;]F\u00fcr die niederl\u00e4ndische Region Achterhoek betreuen wir die Deutschland-PR und locken deutsche Besucher mit dem Slogan \u201eGl\u00fcck kennt keine Grenzen\u201c \u00fcber die Grenze.<\/p>\n[\/vc_hoverbox][\/vc_column][\/vc_row][vc_row][vc_column][vc_empty_space height=&#8220;20px&#8220;][\/vc_column][\/vc_row][vc_row][vc_column width=&#8220;1\/3&#8243;][vc_hoverbox image=&#8220;1407&#8243; primary_title=&#8220;&#8220; hover_title=&#8220;Toerisme Veluwe Arnhem Nijmegen&#8220; hover_background_color=&#8220;custom&#8220; css_animation=&#8220;flipInY&#8220; hover_custom_background=&#8220;#fbba00&#8243;]mediamixx unterst\u00fctzt Toerisme VAN mittels Full-Service-PR dabei, Tagesbesucher und Urlauber aus Deutschland f\u00fcr die Region Veluwe sowie die St\u00e4dte Arnheim und Nimwegen zu begeistern.<\/p>\n[\/vc_hoverbox][\/vc_column][vc_column width=&#8220;1\/3&#8243;][vc_hoverbox image=&#8220;1553&#8243; primary_title=&#8220;&#8220; hover_title=&#8220;Visit Brabant&#8220; hover_background_color=&#8220;custom&#8220; css_animation=&#8220;flipInY&#8220; hover_custom_background=&#8220;#fbba00&#8243;]Einmalige Naturgebiete, spektakul\u00e4re St\u00e4dte und Besuchermagneten wie Efteling und Beekse Bergen. Die Region Nordbrabant ist unfassbar abwechslungsreich. Wir beraten bei der Auswahl der richtigen Medienkan\u00e4le und bespielen sie mit Inhalten, die G\u00e4ste aus Deutschland dazu einladen, selbst vorbeizuschauen.<\/p>\n[\/vc_hoverbox][\/vc_column][vc_column width=&#8220;1\/3&#8243;][vc_hoverbox image=&#8220;1227&#8243; primary_title=&#8220;&#8220; hover_title=&#8220;WILDLANDS Erlebnis Zoo Holland&#8220; hover_background_color=&#8220;custom&#8220; css_animation=&#8220;flipInY&#8220; hover_custom_background=&#8220;#fbba00&#8243;]Spannende Abenteuer und wilde Tiere warten im Dschungel, in der Savanne oder im Polargebiet auf die Besucher! F\u00fcr den Zoo in Emmen \u00fcbersetzen wir ins Deutsche und betreuen die Social-Media-Kan\u00e4le auf deutscher Seite.<\/p>\n[\/vc_hoverbox][\/vc_column][\/vc_row][vc_row][vc_column][vc_empty_space height=&#8220;20px&#8220;][\/vc_column][\/vc_row][vc_row][vc_column width=&#8220;1\/3&#8243;][vc_hoverbox image=&#8220;1541&#8243; primary_title=&#8220;&#8220; hover_title=&#8220;Woonboulevard Heerlen&#8220; hover_background_color=&#8220;custom&#8220; css_animation=&#8220;flipInY&#8220; hover_custom_background=&#8220;#fbba00&#8243;]Mit mehr als 50 Fachgesch\u00e4ften f\u00fcr Haus und Garten auf 130.000 Quadratmetern ist der Woonboulevard Heerlen der gr\u00f6\u00dfte Wohnboulevard Europas. Mittels verschiedener On- und Offline-Kampagnen vergr\u00f6\u00dfert mediamixx die Bekanntheit des Woonboulevard Heerlen in Deutschland.<\/p>\n[\/vc_hoverbox][\/vc_column][vc_column width=&#8220;1\/3&#8243;][\/vc_column][vc_column width=&#8220;1\/3&#8243;][\/vc_column][\/vc_row][vc_row][vc_column][vc_empty_space height=&#8220;20px&#8220;][\/vc_column][\/vc_row]\n<\/div>","protected":false},"excerpt":{"rendered":"<p>[vc_row][vc_column][vc_column_text] Hier finden Sie einige Referenzen im Bereich Business-to-Consumer [\/vc_column_text][vc_empty_space][\/vc_column][\/vc_row][vc_row][vc_column width=&#8220;1\/3&#8243;][vc_hoverbox image=&#8220;1403&#8243; primary_title=&#8220;&#8220; hover_title=&#8220;Apenheul&#8220; hover_background_color=&#8220;custom&#8220; css_animation=&#8220;flipInY&#8220; hover_custom_background=&#8220;#fbba00&#8243;]Wo fast 300 Affen in nahezu nat\u00fcrlicher Umgebung leben, gibt es viel zu erz\u00e4hlen: Eine gefundenes Fressen f\u00fcr Storyteller wie uns. Wir betreuen die \u00d6ffentlichkeitsarbeit des niederl\u00e4ndischen Affenparks in Deutschland. &nbsp; &nbsp; [\/vc_hoverbox][\/vc_column][vc_column width=&#8220;1\/3&#8243;][vc_hoverbox image=&#8220;1399&#8243; primary_title=&#8220;&#8220; hover_title=&#8220;Burgers&#8216; Zoo&#8220; hover_background_color=&#8220;custom&#8220;&hellip;<\/p>\n","protected":false},"author":1,"featured_media":0,"parent":0,"menu_order":0,"comment_status":"closed","ping_status":"closed","template":"","meta":{"_acf_changed":false,"footnotes":""},"acf":[],"_links":{"self":[{"href":"https:\/\/www.mediamixx.eu\/de\/wp-json\/wp\/v2\/pages\/325"}],"collection":[{"href":"https:\/\/www.mediamixx.eu\/de\/wp-json\/wp\/v2\/pages"}],"about":[{"href":"https:\/\/www.mediamixx.eu\/de\/wp-json\/wp\/v2\/types\/page"}],"author":[{"embeddable":true,"href":"https:\/\/www.mediamixx.eu\/de\/wp-json\/wp\/v2\/users\/1"}],"replies":[{"embeddable":true,"href":"https:\/\/www.mediamixx.eu\/de\/wp-json\/wp\/v2\/comments?post=325"}],"version-history":[{"count":51,"href":"https:\/\/www.mediamixx.eu\/de\/wp-json\/wp\/v2\/pages\/325\/revisions"}],"predecessor-version":[{"id":1778,"href":"https:\/\/www.mediamixx.eu\/de\/wp-json\/wp\/v2\/pages\/325\/revisions\/1778"}],"wp:attachment":[{"href":"https:\/\/www.mediamixx.eu\/de\/wp-json\/wp\/v2\/media?parent=325"}],"curies":[{"name":"wp","href":"https:\/\/api.w.org\/{rel}","templated":true}]}}