{"id":2525,"date":"2024-07-09T14:51:54","date_gmt":"2024-07-09T12:51:54","guid":{"rendered":"https:\/\/www.mediamixx.eu\/?page_id=2525"},"modified":"2024-07-09T15:07:19","modified_gmt":"2024-07-09T13:07:19","slug":"unsere-arbeitsweise","status":"publish","type":"page","link":"https:\/\/www.mediamixx.eu\/de\/unsere-arbeitsweise\/","title":{"rendered":"Unsere Arbeitsweise"},"content":{"rendered":"<div class=\"wpb-content-wrapper\">[vc_row][vc_column width=&#8220;2\/3&#8243;][vc_column_text css=&#8220;&#8220;]\n<h2>Kommunikationsberatung in Deutschland und den Niederlanden<\/h2>\n<p>Wir sind <a href=\"https:\/\/www.mediamixx.eu\/de\/ueber-mediamixx\/\">zentrale Anlaufstelle f\u00fcr die strategische Planung und Durchf\u00fchrung von Kommunikationsma\u00dfnahmen<\/a> in Deutschland und\/oder den Niederlanden. In diesem Zusammenhang liegt uns vor allem die pers\u00f6nliche Beratung sehr am Herzen. Sie erfolgt in der Muttersprache unserer Kunden, weil nur so keine wichtigen Informationen auf der Strecke bleiben. Im Normalfall k\u00fcmmert sich ein festes <a href=\"https:\/\/www.mediamixx.eu\/de\/team\/\">Projektteam<\/a> um ihre Anliegen. Standardm\u00e4\u00dfig besteht es aus zwei Beratern und kann im Bedarfsfall flexibel aufgestockt werden. Wichtig ist uns, dass immer jemand erreichbar ist, der wirklich voll im Thema ist.<\/p>\n<h2>Voller Fokus auf Ihre Kommunikationsziele<\/h2>\n<p>Unser Augenmerk liegt immer auf der Entwicklung von individuellen Kommunikationsl\u00f6sungen, denn die funktionieren nach unserer Erfahrung am besten. Wir analysieren zu jedem Zeitpunkt der Zusammenarbeit, wie sich die gesetzten Kommunikationsziele am besten erreichen lassen. Dabei beziehen wir auch Spezialisten aus beiden L\u00e4ndern mit ein, wenn dies sinnvoll erscheint. \u00dcber Jahre hinweg haben wir ein <a href=\"https:\/\/www.mediamixx.eu\/de\/grenzueberschreitendes-netzwerk-in-deutschland-und-den-niederlanden\/\">umfangreiches Expertennetzwerk in Deutschland und den Niederlanden<\/a> aufgebaut, das <a href=\"https:\/\/www.mediamixx.eu\/de\/unsere-grenzueberschreitenden-kommunikationsdienstleistungen-in-deutschland-und-den-niederlanden\/\">besondere Expertise in verschiedenen Teildisziplinen<\/a> b\u00fcndelt. Falls dies gew\u00fcnscht ist, arbeiten wir auch eng mit bew\u00e4hrten Dienstleistern unserer Kunden zusammen. So gestalten wir auch komplexe Kampagnen erfolgreich.[\/vc_column_text][\/vc_column][vc_column width=&#8220;1\/3&#8243;][vc_single_image image=&#8220;2530&#8243; css=&#8220;&#8220;][\/vc_column][\/vc_row]\n<\/div>","protected":false},"excerpt":{"rendered":"<p>[vc_row][vc_column width=&#8220;2\/3&#8243;][vc_column_text css=&#8220;&#8220;] Kommunikationsberatung in Deutschland und den Niederlanden Wir sind zentrale Anlaufstelle f\u00fcr die strategische Planung und Durchf\u00fchrung von Kommunikationsma\u00dfnahmen in Deutschland und\/oder den Niederlanden. In diesem Zusammenhang liegt uns vor allem die pers\u00f6nliche Beratung sehr am Herzen. Sie erfolgt in der Muttersprache unserer Kunden, weil nur so keine wichtigen Informationen auf der Strecke&hellip;<\/p>\n","protected":false},"author":3,"featured_media":0,"parent":0,"menu_order":0,"comment_status":"closed","ping_status":"closed","template":"","meta":{"_acf_changed":false,"footnotes":""},"acf":[],"_links":{"self":[{"href":"https:\/\/www.mediamixx.eu\/de\/wp-json\/wp\/v2\/pages\/2525"}],"collection":[{"href":"https:\/\/www.mediamixx.eu\/de\/wp-json\/wp\/v2\/pages"}],"about":[{"href":"https:\/\/www.mediamixx.eu\/de\/wp-json\/wp\/v2\/types\/page"}],"author":[{"embeddable":true,"href":"https:\/\/www.mediamixx.eu\/de\/wp-json\/wp\/v2\/users\/3"}],"replies":[{"embeddable":true,"href":"https:\/\/www.mediamixx.eu\/de\/wp-json\/wp\/v2\/comments?post=2525"}],"version-history":[{"count":2,"href":"https:\/\/www.mediamixx.eu\/de\/wp-json\/wp\/v2\/pages\/2525\/revisions"}],"predecessor-version":[{"id":2532,"href":"https:\/\/www.mediamixx.eu\/de\/wp-json\/wp\/v2\/pages\/2525\/revisions\/2532"}],"wp:attachment":[{"href":"https:\/\/www.mediamixx.eu\/de\/wp-json\/wp\/v2\/media?parent=2525"}],"curies":[{"name":"wp","href":"https:\/\/api.w.org\/{rel}","templated":true}]}}