{"id":2506,"date":"2024-07-01T15:40:59","date_gmt":"2024-07-01T13:40:59","guid":{"rendered":"https:\/\/www.mediamixx.eu\/?page_id=2506"},"modified":"2024-07-01T15:41:54","modified_gmt":"2024-07-01T13:41:54","slug":"homepage-2","status":"publish","type":"page","link":"https:\/\/www.mediamixx.eu\/de\/homepage-2\/","title":{"rendered":"Homepage #2"},"content":{"rendered":"<div class=\"wpb-content-wrapper\">[vc_row full_width=&#8220;stretch_row_content_no_spaces&#8220;][vc_column][rev_slider_vc alias=&#8220;mediamixx&#8220;][\/vc_column][\/vc_row][vc_row][vc_column]<div class=\"vcex-spacing wpex-w-100 wpex-clear\"><\/div><div class=\"vcex-spacing wpex-w-100 wpex-clear\"><\/div>[\/vc_column][\/vc_row][vc_row column_spacing=&#8220;40&#8243; css=&#8220;.vc_custom_1628582544826{margin-bottom: 30px !important;border-radius: 1px !important;}&#8220; visibility=&#8220;hide-at-mm-breakpoint&#8220;][vc_column][vc_custom_heading text=&#8220;Erfolgreicher kommunizieren<br \/>\nin Deutschland und den Niederlanden&#8220; font_container=&#8220;tag:h2|font_size:40|text_align:center|color:%234f4f4f&#8220; google_fonts=&#8220;font_family:Open%20Sans%3A300%2C300italic%2Cregular%2Citalic%2C600%2C600italic%2C700%2C700italic%2C800%2C800italic|font_style:800%20bold%20regular%3A800%3Anormal&#8220; css_animation=&#8220;none&#8220;][\/vc_column][\/vc_row][vc_row css=&#8220;.vc_custom_1628670787251{margin-bottom: 30px !important;border-radius: 1px !important;}&#8220; visibility=&#8220;show-at-mm-breakpoint&#8220;][vc_column][vc_custom_heading text=&#8220;Erfolgreicher kommunizieren<br \/>\nin Deutschland und den Niederlanden&#8220; font_container=&#8220;tag:h2|font_size:30px|text_align:center|color:%234f4f4f&#8220; google_fonts=&#8220;font_family:Open%20Sans%3A300%2C300italic%2Cregular%2Citalic%2C600%2C600italic%2C700%2C700italic%2C800%2C800italic|font_style:700%20bold%20regular%3A700%3Anormal&#8220; css_animation=&#8220;none&#8220;][\/vc_column][\/vc_row][vc_row css=&#8220;.vc_custom_1623847504879{background-color: #f5f5f5 !important;}&#8220;][vc_column][vc_empty_space][\/vc_column][\/vc_row][vc_row css=&#8220;.vc_custom_1623847513515{background-color: #f5f5f5 !important;}&#8220;][vc_column width=&#8220;1\/3&#8243;][vc_single_image image=&#8220;1715&#8243; style=&#8220;vc_box_rounded&#8220;]<div class=\"vcex-spacing wpex-w-100 wpex-clear\" style=\"height:20px;\"><\/div>[vc_custom_heading text=&#8220;Verstanden werden&#8220; font_container=&#8220;tag:h3|font_size:22px|text_align:center|color:%234f4f4f|line_height:34px&#8220; google_fonts=&#8220;font_family:Open%20Sans%3A300%2C300italic%2Cregular%2Citalic%2C600%2C600italic%2C700%2C700italic%2C800%2C800italic|font_style:400%20regular%3A400%3Anormal&#8220; el_id=&#8220;verstanden-werden&#8220;]<div class=\"vcex-spacing wpex-w-100 wpex-clear\" style=\"height:20px;\"><\/div>[vc_column_text]\n<p style=\"text-align: center;\">Was macht Ihre Zielgruppen besonders? Welche Bed\u00fcrfnisse haben die Menschen, die Sie erreichen m\u00f6chten? Wo liegen die St\u00e4rken Ihrer Angebote? Wie m\u00f6chten Sie wahrgenommen werden?<\/p>\n<p style=\"text-align: center;\">Gemeinsam beantworten wir diese Fragen! Auf dieser Grundlage sch\u00e4rfen wir Ihr Markenprofil in den Niederlanden und\/oder Deutschland und formulieren Ihre Inhalte und Botschaften so, dass sie jeweils in beiden L\u00e4ndern funktionieren.<\/p>\n[\/vc_column_text]<div class=\"vcex-spacing wpex-w-100 wpex-clear\" style=\"height:50px;\"><\/div>[\/vc_column][vc_column width=&#8220;1\/3&#8243;][vc_single_image image=&#8220;1717&#8243; style=&#8220;vc_box_rounded&#8220;]<div class=\"vcex-spacing wpex-w-100 wpex-clear\" style=\"height:20px;\"><\/div>[vc_custom_heading text=&#8220;Wahrgenommen werden&#8220; font_container=&#8220;tag:h3|font_size:22px|text_align:center|color:%234f4f4f|line_height:34px&#8220; google_fonts=&#8220;font_family:Open%20Sans%3A300%2C300italic%2Cregular%2Citalic%2C600%2C600italic%2C700%2C700italic%2C800%2C800italic|font_style:400%20regular%3A400%3Anormal&#8220; el_id=&#8220;wahrgenommen-werden&#8220;]<div class=\"vcex-spacing wpex-w-100 wpex-clear\" style=\"height:20px;\"><\/div>[vc_column_text]\n<p style=\"text-align: center;\">Ein stimmig konzipierter Au\u00dfenauftritt, erstklassiger Content und klare Botschaften stellen die Basis dar, um Bekanntheitsgrad und Reichweite zu steigern. Daf\u00fcr gilt es jedoch auch, gezielt die geeignetsten Kan\u00e4le auszuw\u00e4hlen und sie angemessen zu bespielen. Nur so erreichen und mobilisieren Sie Ihre Zielgruppe. Dabei unterst\u00fctzen wir Sie mit \u201eHeimvorteil\u201c in den Niederlanden und Deutschland.<\/p>\n[\/vc_column_text]<div class=\"vcex-spacing wpex-w-100 wpex-clear\" style=\"height:50px;\"><\/div>[\/vc_column][vc_column width=&#8220;1\/3&#8243;][vc_single_image image=&#8220;2110&#8243; style=&#8220;vc_box_rounded&#8220;]<div class=\"vcex-spacing wpex-w-100 wpex-clear\" style=\"height:20px;\"><\/div>[vc_custom_heading text=&#8220;Mit Ma\u00dfarbeit zum Erfolg&#8220; font_container=&#8220;tag:h3|font_size:22px|text_align:center|color:%234f4f4f|line_height:34px&#8220; google_fonts=&#8220;font_family:Open%20Sans%3A300%2C300italic%2Cregular%2Citalic%2C600%2C600italic%2C700%2C700italic%2C800%2C800italic|font_style:400%20regular%3A400%3Anormal&#8220;]<div class=\"vcex-spacing wpex-w-100 wpex-clear\" style=\"height:20px;\"><\/div>[vc_column_text]\n<p style=\"text-align: center;\">Jeder Kommunikationsprozess ist einzigartig und erfordert eine individuelle Herangehensweise. Der beste Weg zum Ziel verl\u00e4uft jedes Mal ein wenig anders. Genau deswegen sollten wir miteinander sprechen.<\/p>\n<p style=\"text-align: center;\">Wir freuen uns darauf zu erfahren, wo Sie stehen und wo Sie hin m\u00f6chten. Sprechen Sie uns einfach an.<\/p>\n[\/vc_column_text][\/vc_column][\/vc_row][vc_row css=&#8220;.vc_custom_1623847504879{background-color: #f5f5f5 !important;}&#8220;][vc_column]<div class=\"vcex-spacing wpex-w-100 wpex-clear\" style=\"height:50px;\"><\/div>[vc_column_text]\n<p style=\"text-align: center;\">Profitieren Sie von unserem grenz\u00fcbergreifenden Know-how, unserer Kreativit\u00e4t und unseren Kontakten in beiden L\u00e4ndern. Wir schn\u00fcren f\u00fcr Sie ein kosteneffizientes Kommunikations-Paket, das perfekt auf Ihre Bed\u00fcrfnisse, Ihr Budget und den Zielmarkt zugeschnitten ist. Mit uns vermeiden Sie teure Missverst\u00e4ndnisse, unn\u00f6tige Streuverluste und sparen Zeit und Geld!<\/p>\n[\/vc_column_text]<div class=\"vcex-spacing wpex-w-100 wpex-clear\" style=\"height:50px;\"><\/div><div class=\"vcex-spacing wpex-w-100 wpex-clear\" style=\"height:20px;\"><\/div>[\/vc_column][\/vc_row][vc_row][vc_column][vc_empty_space height=&#8220;25px&#8220;][vc_custom_heading text=&#8220;Das sagen unsere Kunden&#8220; font_container=&#8220;tag:h2|font_size:30px|text_align:center|color:%234f4f4f|line_height:34px&#8220; google_fonts=&#8220;font_family:Open%20Sans%3A300%2C300italic%2Cregular%2Citalic%2C600%2C600italic%2C700%2C700italic%2C800%2C800italic|font_style:400%20regular%3A400%3Anormal&#8220;]<div class=\"vcex-module vcex-divider vcex-divider-solid vcex-divider-center wpex-mx-auto wpex-max-w-100 vcex-divider-has-icon wpex-flex wpex-items-center\" style=\"width:200px;margin-top:10px;margin-bottom:25px;\"><div class=\"vcex-divider-border wpex-flex-grow wpex-border-b wpex-border-solid wpex-border-main\" style=\"border-color:#fbba00;border-bottom-width:2px;\"><\/div><span class=\"vcex-divider-icon-span wpex-inline-flex wpex-justify-center wpex-items-center wpex-box-content wpex-inline-block wpex-text-center wpex-text-lg wpex-py-10 wpex-px-20\" style=\"font-size:21px;color:#fbba00;\"><span class=\"ticon ticon-commenting\" aria-hidden=\"true\"><\/span><\/span><div class=\"vcex-divider-border wpex-flex-grow wpex-border-b wpex-border-solid wpex-border-main\" style=\"border-color:#fbba00;border-bottom-width:2px;\"><\/div><\/div>[vc_tta_pageable no_fill_content_area=&#8220;1&#8243; autoplay=&#8220;10&#8243; active_section=&#8220;4&#8243; pagination_style=&#8220;flat-square&#8220; pagination_color=&#8220;black&#8220; css=&#8220;.vc_custom_1614086701483{background-color: #fbba00 !important;}&#8220;][vc_tta_section title=&#8220;Burgers&#8216; Zoo&#8220; tab_id=&#8220;1614006767013-2fb31a0e-5da4&#8243;][vc_row_inner][vc_column_inner width=&#8220;1\/2&#8243;][vc_column_text]<span style=\"font-size: 21px;\"><strong>Burgers&#8216; Zoo<br \/>\n<\/strong><\/span><\/p>\n<p><em>\u201eDer K\u00f6nigliche Burgers\u2019 Zoo arbeitet schon seit einigen Jahren erfolgreich mit mediamixx zusammen. Wenn Sie als niederl\u00e4ndisches Unternehmen in Deutschland aktiv sein und dort ernst genommen werden m\u00f6chten, sind eine professionelle Herangehensweise und fehlerfreie deutsche Texte essentiell. Die mediamixx-Mitarbeiter unterst\u00fctzen uns mit ihrem Wissen \u00fcber die deutsche Medienlandschaft und ihrer Expertise f\u00fcr die Normen und Werte, die bei der Kommunikation im Nachbarland wichtig sind. Au\u00dferdem schreiben und verbreiten sie deutsche Pressemitteilungen f\u00fcr uns.\u201c<\/em><\/p>\n<p><strong>Bas Lukkenaar, PR &amp; Kommunikation Burgers\u2018 Zoo<\/strong>[\/vc_column_text][\/vc_column_inner][vc_column_inner width=&#8220;1\/2&#8243;][vc_single_image image=&#8220;1412&#8243; add_caption=&#8220;yes&#8220; style=&#8220;vc_box_rounded&#8220;][\/vc_column_inner][\/vc_row_inner][\/vc_tta_section][vc_tta_section title=&#8220;Freizeitpark Efteling&#8220; tab_id=&#8220;1614007263881-d221eb20-0c50&#8243;][vc_row_inner][vc_column_inner width=&#8220;1\/2&#8243;][vc_column_text]<span style=\"font-size: 21px;\"><strong>Freizeitpark Efteling<\/strong><\/span><\/p>\n<p><em>\u201eEfteling arbeitet schon seit vielen Jahren mit mediamixx zusammen, um die Bekanntheit der \u201eWelt voller Wunder\u201c in Deutschland zu steigern.Das mediamixx-Team kennt die niederl\u00e4ndische Sprache und Kultur sehr gut und versteht es, unsere Botschaft f\u00fcr Journalisten und G\u00e4ste aus Deutschland zu \u00fcbertragen. Durch kritische Fragen sorgen die Kollegen immer daf\u00fcr, dass wir genau hinschauen. Sie arbeiten professionell, proaktiv und schnell.\u201c<\/em><\/p>\n<p><strong>Karin Koppelmans, Kommunikationsmanagerin Efteling<\/strong>[\/vc_column_text][\/vc_column_inner][vc_column_inner width=&#8220;1\/2&#8243;][vc_single_image image=&#8220;1314&#8243; add_caption=&#8220;yes&#8220; style=&#8220;vc_box_rounded&#8220;][\/vc_column_inner][\/vc_row_inner][\/vc_tta_section][vc_tta_section title=&#8220;PCV Group&#8220; tab_id=&#8220;1620306757904-ea4ed638-26fc&#8220;][vc_row_inner][vc_column_inner width=&#8220;1\/2&#8243;][vc_column_text]<span style=\"font-size: 21px;\"><strong>PCV Group<\/strong><\/span><\/p>\n<p><em>\u201emediamixx ist ein hervorragender Kommunikationspartner, der bei der Erstellung von Inhalten immer mitdenkt.<br \/>\nUnsere Ansprechpartner verfassen viele der Artikel f\u00fcr unsere Website. Wir schlagen eine Idee vor, auf deren Grundlage ein Interview mit einem Kollegen oder Kunden stattfindet.<br \/>\nDer Enthusiasmus der Befragten spiegelt sich in den Artikeln gut wider.\u201c<\/em><\/p>\n<p><strong>Sjors Zuidema, Engineer PCV Group<\/strong>[\/vc_column_text][\/vc_column_inner][vc_column_inner width=&#8220;1\/2&#8243;][vc_single_image image=&#8220;1556&#8243; add_caption=&#8220;yes&#8220; style=&#8220;vc_box_rounded&#8220;][\/vc_column_inner][\/vc_row_inner][\/vc_tta_section][vc_tta_section title=&#8220;Standort Niederrhein&#8220; tab_id=&#8220;1614343972775-a9ce6e10-0741&#8243;][vc_row_inner][vc_column_inner width=&#8220;1\/2&#8243;][vc_column_text css=&#8220;.vc_custom_1628672481657{padding-right: 15px !important;padding-bottom: 15px !important;padding-left: 15px !important;}&#8220;]<span style=\"font-size: 21px;\"><strong>Standort Niederrhein<br \/>\n<\/strong><\/span><\/p>\n<p><em>\u201eAls regionale Marketinggesellschaft informiert die Standort Niederrhein GmbH national und international \u00fcber die Wirtschaftsregion und ihre Standortvorteile. Aufgrund der geografischen Lage der Region nimmt die Kommunikation in die Niederlande einen wichtigen Stellenwert bei den Projekten und Aktivit\u00e4ten der Standort Niederrhein GmbH ein. F\u00fcr die begleitende Kommunikation in den niederl\u00e4ndischen Markt und die Vernetzung mit der dortigen Zielgruppe, kooperiert die Standort Niederrhein GmbH seit vielen Jahren sehr eng und sehr gut mit der mediamixx GmbH. Im Vordergrund stehen neben der Berichterstattung zu ausgesuchten Themen, die Kooperation bei Veranstaltungsformaten oder die Mehrwerte durch grenz\u00fcbergreifende Netzwerke wie bspw. AHA 24&#215;7.com.\u201c<\/em><\/p>\n<p><strong>Bertram Gaiser, Gesch\u00e4ftsf\u00fchrer Standort Niederrhein GmbH<br \/>\n<\/strong>[\/vc_column_text][\/vc_column_inner][vc_column_inner width=&#8220;1\/2&#8243;][vc_single_image image=&#8220;2125&#8243; add_caption=&#8220;yes&#8220; style=&#8220;vc_box_rounded&#8220;][\/vc_column_inner][\/vc_row_inner][\/vc_tta_section][vc_tta_section title=&#8220;VisitBrabant&#8220; tab_id=&#8220;1620295307995-38dda59e-ba0c&#8220;][vc_row_inner][vc_column_inner width=&#8220;1\/2&#8243;][vc_column_text]<span style=\"font-size: 21px;\"><strong>VisitBrabant<br \/>\n<\/strong><\/span><\/p>\n<p><em>\u201emediamixx ist eine Full-Service-Kommunikationsagentur, mit der VisitBrabant schon seit 2018 erfolgreich zusammenarbeitet. Das proaktive Team handelt attraktive Konditionen mit deutschen Medienpartnern aus und ber\u00e4t uns aufrichtig, offen und ehrlich, wie wir am besten unsere Persona-Zielgruppen erreichen k\u00f6nnen. Da unsere Ansprechpartner selbst Niederl\u00e4ndisch sprechen, ist die Abstimmung f\u00fcr uns schnell und angenehm. Sie helfen nicht allein unserer Organisation, sondern auch allen Partnern und Unternehmern, die wir vermarkten, dabei, in Deutschland bekannter zu werden. Speziell in Nordrhein-Westfalen.\u201c<\/em><\/p>\n<p><strong>Pieter Huijsmans, Manager Marketingkommunikation &amp; PR VisitBrabant<\/strong>[\/vc_column_text][\/vc_column_inner][vc_column_inner width=&#8220;1\/2&#8243;][vc_single_image image=&#8220;1498&#8243; add_caption=&#8220;yes&#8220; style=&#8220;vc_box_rounded&#8220;][\/vc_column_inner][\/vc_row_inner][\/vc_tta_section][vc_tta_section title=&#8220;ACE Sto\u00dfd\u00e4mpfer&#8220; tab_id=&#8220;1628169130674-f2cde583-c776&#8243;][vc_row_inner][vc_column_inner width=&#8220;1\/2&#8243;][vc_column_text]<span style=\"font-size: 21px;\"><strong>ACE Sto\u00dfd\u00e4mpfer<\/strong><\/span><\/p>\n<p><em>\u201eWir arbeiten bereits seit einigen Jahren mit mediamixx zusammen. Ziel war es, unsere Sichtbarkeit in Fachzeitschriften zu koordinieren und zu verbessern. mediamixx hat daf\u00fcr gesorgt, dass sich die Namensbekanntheit der ACE Sto\u00dfd\u00e4mpfer GmbH in den BeNeLux-L\u00e4ndern vergr\u00f6\u00dfert hat. Neben der Kontaktpflege zu den Verlagen unterst\u00fctzt uns mediamixx bei unserer Anzeigenstrategie sowie der \u00dcbersetzung und Verbreitung unserer Pressemitteilungen. Offene und professionelle Kommunikation und Kreativit\u00e4t kennzeichnen die Arbeitsweise der Mitarbeiter von mediamixx.\u201c<\/em><\/p>\n<p><strong>Han Titulaer, Project Manager &amp; Backoffice BeNeLUX ACE Sto\u00dfd\u00e4mpfer<\/strong>[\/vc_column_text][\/vc_column_inner][vc_column_inner width=&#8220;1\/2&#8243;][vc_single_image image=&#8220;1762&#8243; add_caption=&#8220;yes&#8220; style=&#8220;vc_box_rounded&#8220;][\/vc_column_inner][\/vc_row_inner][\/vc_tta_section][\/vc_tta_pageable][\/vc_column][\/vc_row][vc_row][vc_column][vc_empty_space][\/vc_column][\/vc_row]\n<\/div>","protected":false},"excerpt":{"rendered":"<p>[vc_row full_width=&#8220;stretch_row_content_no_spaces&#8220;][vc_column][rev_slider_vc alias=&#8220;mediamixx&#8220;][\/vc_column][\/vc_row][vc_row][vc_column][\/vc_column][\/vc_row][vc_row column_spacing=&#8220;40&#8243; css=&#8220;.vc_custom_1628582544826{margin-bottom: 30px !important;border-radius: 1px !important;}&#8220; visibility=&#8220;hide-at-mm-breakpoint&#8220;][vc_column][vc_custom_heading text=&#8220;Erfolgreicher kommunizieren in Deutschland und den Niederlanden&#8220; font_container=&#8220;tag:h2|font_size:40|text_align:center|color:%234f4f4f&#8220; google_fonts=&#8220;font_family:Open%20Sans%3A300%2C300italic%2Cregular%2Citalic%2C600%2C600italic%2C700%2C700italic%2C800%2C800italic|font_style:800%20bold%20regular%3A800%3Anormal&#8220; css_animation=&#8220;none&#8220;][\/vc_column][\/vc_row][vc_row css=&#8220;.vc_custom_1628670787251{margin-bottom: 30px !important;border-radius: 1px !important;}&#8220; visibility=&#8220;show-at-mm-breakpoint&#8220;][vc_column][vc_custom_heading text=&#8220;Erfolgreicher kommunizieren in Deutschland und den Niederlanden&#8220; font_container=&#8220;tag:h2|font_size:30px|text_align:center|color:%234f4f4f&#8220; google_fonts=&#8220;font_family:Open%20Sans%3A300%2C300italic%2Cregular%2Citalic%2C600%2C600italic%2C700%2C700italic%2C800%2C800italic|font_style:700%20bold%20regular%3A700%3Anormal&#8220; css_animation=&#8220;none&#8220;][\/vc_column][\/vc_row][vc_row css=&#8220;.vc_custom_1623847504879{background-color: #f5f5f5 !important;}&#8220;][vc_column][vc_empty_space][\/vc_column][\/vc_row][vc_row css=&#8220;.vc_custom_1623847513515{background-color: #f5f5f5 !important;}&#8220;][vc_column width=&#8220;1\/3&#8243;][vc_single_image image=&#8220;1715&#8243; style=&#8220;vc_box_rounded&#8220;][vc_custom_heading text=&#8220;Verstanden werden&#8220; font_container=&#8220;tag:h3|font_size:22px|text_align:center|color:%234f4f4f|line_height:34px&#8220; google_fonts=&#8220;font_family:Open%20Sans%3A300%2C300italic%2Cregular%2Citalic%2C600%2C600italic%2C700%2C700italic%2C800%2C800italic|font_style:400%20regular%3A400%3Anormal&#8220; el_id=&#8220;verstanden-werden&#8220;][vc_column_text] Was macht Ihre Zielgruppen besonders?&hellip;<\/p>\n","protected":false},"author":1,"featured_media":0,"parent":0,"menu_order":0,"comment_status":"closed","ping_status":"closed","template":"templates\/no-sidebar-no-page-title.php","meta":{"_acf_changed":false,"footnotes":""},"acf":[],"_links":{"self":[{"href":"https:\/\/www.mediamixx.eu\/de\/wp-json\/wp\/v2\/pages\/2506"}],"collection":[{"href":"https:\/\/www.mediamixx.eu\/de\/wp-json\/wp\/v2\/pages"}],"about":[{"href":"https:\/\/www.mediamixx.eu\/de\/wp-json\/wp\/v2\/types\/page"}],"author":[{"embeddable":true,"href":"https:\/\/www.mediamixx.eu\/de\/wp-json\/wp\/v2\/users\/1"}],"replies":[{"embeddable":true,"href":"https:\/\/www.mediamixx.eu\/de\/wp-json\/wp\/v2\/comments?post=2506"}],"version-history":[{"count":2,"href":"https:\/\/www.mediamixx.eu\/de\/wp-json\/wp\/v2\/pages\/2506\/revisions"}],"predecessor-version":[{"id":2509,"href":"https:\/\/www.mediamixx.eu\/de\/wp-json\/wp\/v2\/pages\/2506\/revisions\/2509"}],"wp:attachment":[{"href":"https:\/\/www.mediamixx.eu\/de\/wp-json\/wp\/v2\/media?parent=2506"}],"curies":[{"name":"wp","href":"https:\/\/api.w.org\/{rel}","templated":true}]}}