{"id":2271,"date":"2022-11-09T16:57:44","date_gmt":"2022-11-09T15:57:44","guid":{"rendered":"https:\/\/www.mediamixx.eu\/?page_id=2271"},"modified":"2022-11-09T16:57:44","modified_gmt":"2022-11-09T15:57:44","slug":"julia-kohnen","status":"publish","type":"page","link":"https:\/\/www.mediamixx.eu\/de\/team\/julia-kohnen\/","title":{"rendered":"Julia Kohnen"},"content":{"rendered":"<div class=\"wpb-content-wrapper\">[vc_row][vc_column][vc_single_image image=&#8220;2249&#8243; style=&#8220;vc_box_rounded&#8220;][vc_empty_space][\/vc_column][\/vc_row][vc_row][vc_column width=&#8220;1\/4&#8243;][vc_column_text]<strong>Name<\/strong>[\/vc_column_text][\/vc_column][vc_column width=&#8220;3\/4&#8243;][vc_column_text]Julia Kohnen[\/vc_column_text][\/vc_column][\/vc_row][vc_row][vc_column][vc_empty_space height=&#8220;5px&#8220;][\/vc_column][\/vc_row][vc_row][vc_column width=&#8220;1\/4&#8243;][vc_column_text]<strong>Jahrgang<\/strong>[\/vc_column_text][\/vc_column][vc_column width=&#8220;3\/4&#8243;][vc_column_text]1987[\/vc_column_text][\/vc_column][\/vc_row][vc_row][vc_column][vc_empty_space height=&#8220;5px&#8220;][\/vc_column][\/vc_row][vc_row][vc_column width=&#8220;1\/4&#8243;][vc_column_text]<strong>Ausbildung<\/strong>[\/vc_column_text][\/vc_column][vc_column width=&#8220;3\/4&#8243;][vc_column_text]Bachelor Kunstgeschichte, Bachelor und Master Niederlande-Deutschland-Studien[\/vc_column_text][\/vc_column][\/vc_row][vc_row][vc_column][vc_empty_space height=&#8220;5px&#8220;][\/vc_column][\/vc_row][vc_row][vc_column width=&#8220;1\/4&#8243;][vc_column_text]<strong>mixxer seit<br \/>\n<\/strong>[\/vc_column_text][\/vc_column][vc_column width=&#8220;3\/4&#8243;][vc_column_text]2022[\/vc_column_text][\/vc_column][\/vc_row][vc_row][vc_column][vc_empty_space height=&#8220;5px&#8220;][\/vc_column][\/vc_row][vc_row][vc_column width=&#8220;1\/4&#8243;][vc_column_text]<strong>Spezialit\u00e4ten<\/strong>[\/vc_column_text][\/vc_column][vc_column width=&#8220;3\/4&#8243;][vc_column_text]Kreativer Kopf mit handwerklichem Geschick[\/vc_column_text][\/vc_column][\/vc_row][vc_row][vc_column][vc_empty_space height=&#8220;5px&#8220;][\/vc_column][\/vc_row][vc_row][vc_column width=&#8220;1\/4&#8243;][vc_column_text]<strong>F\u00fcr sie unverzichtbar<br \/>\n<\/strong>[\/vc_column_text][\/vc_column][vc_column width=&#8220;3\/4&#8243;][vc_column_text]Zeit mit der Familie und Freunden, gute Musik, Birnen-Flammkuchen und regelm\u00e4\u00dfige Besuche in Gent oder M\u00fcnster[\/vc_column_text][\/vc_column][\/vc_row][vc_row][vc_column][vc_empty_space height=&#8220;5px&#8220;][\/vc_column][\/vc_row][vc_row][vc_column width=&#8220;1\/4&#8243;][vc_column_text]<strong>Krisenfest durch<br \/>\n<\/strong>[\/vc_column_text][\/vc_column][vc_column width=&#8220;3\/4&#8243;][vc_column_text]Ausgedehnte Joggingrunden und Volleyballabende[\/vc_column_text][\/vc_column][\/vc_row][vc_row][vc_column][vc_empty_space height=&#8220;5px&#8220;][\/vc_column][\/vc_row][vc_row][vc_column width=&#8220;1\/4&#8243;][vc_column_text]<strong>Und sonst<br \/>\n<\/strong>[\/vc_column_text][\/vc_column][vc_column width=&#8220;3\/4&#8243;][vc_column_text]Westf\u00e4lin am linken Niederrhein[\/vc_column_text][\/vc_column][\/vc_row][vc_row][vc_column][vc_empty_space height=&#8220;40px&#8220;][\/vc_column][\/vc_row][vc_row][vc_column]<a href=\"https:\/\/www.mediamixx.eu\/de\/team\/\" class=\"vcex-button theme-button inline\"><span class=\"vcex-button-inner theme-button-inner\"><span class=\"vcex-button-icon vcex-icon-wrap theme-button-icon-left\"><span class=\"ticon ticon-reply\" aria-hidden=\"true\"><\/span><\/span>Team<\/span><\/a> [\/vc_column][\/vc_row]\n<\/div>","protected":false},"excerpt":{"rendered":"<p>[vc_row][vc_column][vc_single_image image=&#8220;2249&#8243; style=&#8220;vc_box_rounded&#8220;][vc_empty_space][\/vc_column][\/vc_row][vc_row][vc_column width=&#8220;1\/4&#8243;][vc_column_text]Name[\/vc_column_text][\/vc_column][vc_column width=&#8220;3\/4&#8243;][vc_column_text]Julia Kohnen[\/vc_column_text][\/vc_column][\/vc_row][vc_row][vc_column][vc_empty_space height=&#8220;5px&#8220;][\/vc_column][\/vc_row][vc_row][vc_column width=&#8220;1\/4&#8243;][vc_column_text]Jahrgang[\/vc_column_text][\/vc_column][vc_column width=&#8220;3\/4&#8243;][vc_column_text]1987[\/vc_column_text][\/vc_column][\/vc_row][vc_row][vc_column][vc_empty_space height=&#8220;5px&#8220;][\/vc_column][\/vc_row][vc_row][vc_column width=&#8220;1\/4&#8243;][vc_column_text]Ausbildung[\/vc_column_text][\/vc_column][vc_column width=&#8220;3\/4&#8243;][vc_column_text]Bachelor Kunstgeschichte, Bachelor und Master Niederlande-Deutschland-Studien[\/vc_column_text][\/vc_column][\/vc_row][vc_row][vc_column][vc_empty_space height=&#8220;5px&#8220;][\/vc_column][\/vc_row][vc_row][vc_column width=&#8220;1\/4&#8243;][vc_column_text]mixxer seit [\/vc_column_text][\/vc_column][vc_column width=&#8220;3\/4&#8243;][vc_column_text]2022[\/vc_column_text][\/vc_column][\/vc_row][vc_row][vc_column][vc_empty_space height=&#8220;5px&#8220;][\/vc_column][\/vc_row][vc_row][vc_column width=&#8220;1\/4&#8243;][vc_column_text]Spezialit\u00e4ten[\/vc_column_text][\/vc_column][vc_column width=&#8220;3\/4&#8243;][vc_column_text]Kreativer Kopf mit handwerklichem Geschick[\/vc_column_text][\/vc_column][\/vc_row][vc_row][vc_column][vc_empty_space height=&#8220;5px&#8220;][\/vc_column][\/vc_row][vc_row][vc_column width=&#8220;1\/4&#8243;][vc_column_text]F\u00fcr sie unverzichtbar [\/vc_column_text][\/vc_column][vc_column width=&#8220;3\/4&#8243;][vc_column_text]Zeit mit der Familie und Freunden, gute Musik, Birnen-Flammkuchen und regelm\u00e4\u00dfige Besuche in Gent oder M\u00fcnster[\/vc_column_text][\/vc_column][\/vc_row][vc_row][vc_column][vc_empty_space height=&#8220;5px&#8220;][\/vc_column][\/vc_row][vc_row][vc_column width=&#8220;1\/4&#8243;][vc_column_text]Krisenfest durch [\/vc_column_text][\/vc_column][vc_column width=&#8220;3\/4&#8243;][vc_column_text]Ausgedehnte&hellip;<\/p>\n","protected":false},"author":3,"featured_media":0,"parent":330,"menu_order":0,"comment_status":"closed","ping_status":"closed","template":"","meta":{"_acf_changed":false,"footnotes":""},"acf":[],"_links":{"self":[{"href":"https:\/\/www.mediamixx.eu\/de\/wp-json\/wp\/v2\/pages\/2271"}],"collection":[{"href":"https:\/\/www.mediamixx.eu\/de\/wp-json\/wp\/v2\/pages"}],"about":[{"href":"https:\/\/www.mediamixx.eu\/de\/wp-json\/wp\/v2\/types\/page"}],"author":[{"embeddable":true,"href":"https:\/\/www.mediamixx.eu\/de\/wp-json\/wp\/v2\/users\/3"}],"replies":[{"embeddable":true,"href":"https:\/\/www.mediamixx.eu\/de\/wp-json\/wp\/v2\/comments?post=2271"}],"version-history":[{"count":1,"href":"https:\/\/www.mediamixx.eu\/de\/wp-json\/wp\/v2\/pages\/2271\/revisions"}],"predecessor-version":[{"id":2272,"href":"https:\/\/www.mediamixx.eu\/de\/wp-json\/wp\/v2\/pages\/2271\/revisions\/2272"}],"up":[{"embeddable":true,"href":"https:\/\/www.mediamixx.eu\/de\/wp-json\/wp\/v2\/pages\/330"}],"wp:attachment":[{"href":"https:\/\/www.mediamixx.eu\/de\/wp-json\/wp\/v2\/media?parent=2271"}],"curies":[{"name":"wp","href":"https:\/\/api.w.org\/{rel}","templated":true}]}}