{"id":1276,"date":"2021-02-17T15:00:23","date_gmt":"2021-02-17T14:00:23","guid":{"rendered":"https:\/\/www.mediamixx.eu\/?page_id=1276"},"modified":"2024-09-13T10:24:50","modified_gmt":"2024-09-13T08:24:50","slug":"unsere-grenzueberschreitenden-kommunikationsdienstleistungen-in-deutschland-und-den-niederlanden","status":"publish","type":"page","link":"https:\/\/www.mediamixx.eu\/de\/unsere-grenzueberschreitenden-kommunikationsdienstleistungen-in-deutschland-und-den-niederlanden\/","title":{"rendered":"Unsere Dienstleistungen"},"content":{"rendered":"<div class=\"wpb-content-wrapper\">[vc_row][vc_column width=&#8220;2\/3&#8243;][vc_column_text css=&#8220;&#8220;]Unseren Kunden m\u00f6chten wir es so einfach wie m\u00f6glich machen, daher ist mediamixx eine <a href=\"https:\/\/www.mediamixx.eu\/de\/ueber-mediamixx\/\">grenz\u00fcberschreitend t\u00e4tige Full-Service-Agentur<\/a>. Wir bieten eine Vielzahl von Dienstleistungen an, die eines gemein haben: Sie sollen dazu beitragen, dass unsere Kunden ihre Kommunikationsziele in Deutschland und\/oder den Niederlanden erreichen.<\/p>\n<p>Die konkreten Dienstleistungen, Kan\u00e4le und Medien sind dabei zweitrangig, denn unser Ansatz ist es stets, vom Kunden zu denken und seine Bed\u00fcrfnisse zu kennen. So entstehen individuelle Konzepte nach Ma\u00dfarbeit.<\/p>\n<p>Im Folgenden finden Sie eine \u00dcbersicht \u00fcber die von uns angebotenen Kommunikationsdienstleistungen. Sie erhebt keinen Anspruch auf Vollst\u00e4ndigkeit. Nehmen Sie Kontakt zu uns auf und lassen Sie sich beraten, wie Sie Ihr(e) Ziel(e) am besten erreichen k\u00f6nnen.[\/vc_column_text][\/vc_column][vc_column width=&#8220;1\/3&#8243;][vc_single_image image=&#8220;2540&#8243; style=&#8220;vc_box_rounded&#8220; css=&#8220;&#8220;][\/vc_column][\/vc_row][vc_row][vc_column][vc_empty_space][\/vc_column][\/vc_row][vc_row][vc_column width=&#8220;1\/3&#8243;][vc_column_text css=&#8220;&#8220;]\n<h2>Beratung &amp; Strategie<\/h2>\n<ul>\n<li>Analyse<\/li>\n<li>Strategische Beratung<\/li>\n<li>Interkulturelle Beratung<\/li>\n<li>Konzepterstellung<\/li>\n<li>Marktuntersuchung<\/li>\n<li>Workshops<\/li>\n<\/ul>\n[\/vc_column_text][\/vc_column][vc_column width=&#8220;1\/3&#8243;][vc_column_text css=&#8220;&#8220;]\n<h2>Content Creation<\/h2>\n<ul>\n<li>Textproduktion<\/li>\n<li>Transkreation und \u00dcbersetzung<\/li>\n<li>Werbemittelkonzeption<\/li>\n<li>Medienentwicklung<\/li>\n<li>Redaktion<\/li>\n<li>grafische Gestaltung<\/li>\n<\/ul>\n[\/vc_column_text][\/vc_column][vc_column width=&#8220;1\/3&#8243;][vc_column_text css=&#8220;&#8220;]\n<h2>Online Relations<\/h2>\n<ul>\n<li>Social Media-Management<\/li>\n<li>SEO<\/li>\n<li>Websites<\/li>\n<li>Webinare<\/li>\n<\/ul>\n<p>Nat\u00fcrlich bieten wir auch Paid Campagnes an (s. Medieneinkauf\/Werbekampagnen)[\/vc_column_text][\/vc_column][\/vc_row][vc_row][vc_column][vc_empty_space][\/vc_column][\/vc_row][vc_row][vc_column width=&#8220;1\/3&#8243;][vc_column_text css=&#8220;&#8220;]\n<h2>Public Relations (PR)<\/h2>\n<ul>\n<li>Beratung Pressearbeit<\/li>\n<li>Pressemitteilungen<\/li>\n<li>Pressereisen<\/li>\n<li>Influencer Relations<\/li>\n<li>Medienkooperationen<\/li>\n<\/ul>\n[\/vc_column_text][\/vc_column][vc_column width=&#8220;1\/3&#8243;][vc_column_text css=&#8220;&#8220;]\n<h2>Medieneinkauf\/Werbekampagnen<\/h2>\n<ul>\n<li>Print<\/li>\n<li>Online<\/li>\n<li>Radio<\/li>\n<li>Kino<\/li>\n<li>Out Of Home<\/li>\n<li>TV<\/li>\n<\/ul>\n[\/vc_column_text][\/vc_column][vc_column width=&#8220;1\/3&#8243;][vc_column_text css=&#8220;&#8220;]\n<h2>Events<\/h2>\n<ul>\n<li>Veranstaltungskonzeption<\/li>\n<li>Veranstaltungsorganisation<\/li>\n<li>Webinare<\/li>\n<\/ul>\n[\/vc_column_text][\/vc_column][\/vc_row][vc_row][vc_column][vc_empty_space][\/vc_column][\/vc_row]\n<\/div>","protected":false},"excerpt":{"rendered":"<p>[vc_row][vc_column width=&#8220;2\/3&#8243;][vc_column_text css=&#8220;&#8220;]Unseren Kunden m\u00f6chten wir es so einfach wie m\u00f6glich machen, daher ist mediamixx eine grenz\u00fcberschreitend t\u00e4tige Full-Service-Agentur. Wir bieten eine Vielzahl von Dienstleistungen an, die eines gemein haben: Sie sollen dazu beitragen, dass unsere Kunden ihre Kommunikationsziele in Deutschland und\/oder den Niederlanden erreichen. Die konkreten Dienstleistungen, Kan\u00e4le und Medien sind dabei zweitrangig, denn&hellip;<\/p>\n","protected":false},"author":3,"featured_media":0,"parent":0,"menu_order":0,"comment_status":"closed","ping_status":"closed","template":"","meta":{"_acf_changed":false,"footnotes":""},"acf":[],"_links":{"self":[{"href":"https:\/\/www.mediamixx.eu\/de\/wp-json\/wp\/v2\/pages\/1276"}],"collection":[{"href":"https:\/\/www.mediamixx.eu\/de\/wp-json\/wp\/v2\/pages"}],"about":[{"href":"https:\/\/www.mediamixx.eu\/de\/wp-json\/wp\/v2\/types\/page"}],"author":[{"embeddable":true,"href":"https:\/\/www.mediamixx.eu\/de\/wp-json\/wp\/v2\/users\/3"}],"replies":[{"embeddable":true,"href":"https:\/\/www.mediamixx.eu\/de\/wp-json\/wp\/v2\/comments?post=1276"}],"version-history":[{"count":45,"href":"https:\/\/www.mediamixx.eu\/de\/wp-json\/wp\/v2\/pages\/1276\/revisions"}],"predecessor-version":[{"id":2559,"href":"https:\/\/www.mediamixx.eu\/de\/wp-json\/wp\/v2\/pages\/1276\/revisions\/2559"}],"wp:attachment":[{"href":"https:\/\/www.mediamixx.eu\/de\/wp-json\/wp\/v2\/media?parent=1276"}],"curies":[{"name":"wp","href":"https:\/\/api.w.org\/{rel}","templated":true}]}}