{"id":1013,"date":"2020-12-03T09:56:48","date_gmt":"2020-12-03T08:56:48","guid":{"rendered":"https:\/\/www.mediamixx.eu\/?page_id=1013"},"modified":"2022-08-19T14:36:22","modified_gmt":"2022-08-19T12:36:22","slug":"ueber-mediamixx","status":"publish","type":"page","link":"https:\/\/www.mediamixx.eu\/de\/ueber-mediamixx\/","title":{"rendered":"\u00dcber mediamixx"},"content":{"rendered":"<div class=\"wpb-content-wrapper\">[vc_row][vc_column][vc_column_text]<img loading=\"lazy\" decoding=\"async\" class=\"size-full wp-image-2234 alignright\" src=\"https:\/\/www.mediamixx.eu\/wp-content\/uploads\/2022\/08\/Team-mediamixx.jpg\" alt=\"Team mediamixx\" width=\"500\" height=\"333\" srcset=\"https:\/\/www.mediamixx.eu\/wp-content\/uploads\/2022\/08\/Team-mediamixx.jpg 500w, https:\/\/www.mediamixx.eu\/wp-content\/uploads\/2022\/08\/Team-mediamixx-300x200.jpg 300w\" sizes=\"(max-width: 500px) 100vw, 500px\" \/><\/p>\n<p>mediamixx ist eine Full-Service-Kommunikationsagentur. Wir helfen Kunden aus den Niederlanden und Deutschland dabei, in ihrem eigenen Land und\/oder im Nachbarland besser wahrgenommen zu werden. Gemeinsam definieren wir Kommunikationsziele und arbeiten darauf hin. Und das schon seit 1994!<\/p>\n<h2>Interkulturelle Kompetenz<\/h2>\n<p><a href=\"https:\/\/www.mediamixx.eu\/de\/team\/\">Unser Team<\/a> besteht aus 15 Deutschen und Niederl\u00e4ndern, die beide Sprachen flie\u00dfend sprechen. Wir kennen Land und Leute dies- und jenseits der Grenze, wissen um Unterschiede und Gemeinsamkeiten. Br\u00fccken zwischen Deutschland und den Niederlanden zu bauen ist unsere t\u00e4gliche Arbeit &#8211; und unsere Leidenschaft.<\/p>\n<h2>Grenzen \u00fcberwinden, Ziele erreichen<\/h2>\n<p>mediamixx ist darauf spezialisiert, Grenzen zu \u00fcberwinden. Auch wenn es &#8222;nur&#8220; Grenzen in den K\u00f6pfen der Menschen sind. Neben interkultureller Kompetenz setzen wir dabei auf Kreativit\u00e4t, starke Konzepte, hochwertige Inhalte und die Zusammenarbeit mit Partnern aus unserem umfangreichen <a href=\"https:\/\/www.mediamixx.eu\/de\/grenzueberschreitendes-netzwerk-in-deutschland-und-den-niederlanden\/\">Netzwerk<\/a>.<\/p>\n<p>Unsere Kunden kommen aus unterschiedlichen Bereichen: Wir arbeiten f\u00fcr regionale Marketingorganisationen, Unternehmen aus der Freizeitbranche, Kunden aus der Industrie, Bildungseinrichtungen und deutsch-niederl\u00e4ndische Projekte. F\u00fcr sie sind wir Berater und Sparringpartner zugleich. Bis auf wenige Ausnahmen sind alle unsere Kunden grenz\u00fcberschreitend t\u00e4tig. Wir arbeiten sowohl <a href=\"https:\/\/www.mediamixx.eu\/de\/b2b\/\">B2B<\/a> als auch <a href=\"https:\/\/www.mediamixx.eu\/de\/b2c\/\">B2C<\/a>, on- und offline.[\/vc_column_text][\/vc_column][\/vc_row][vc_row][vc_column][vc_empty_space][\/vc_column][\/vc_row]\n<\/div>","protected":false},"excerpt":{"rendered":"<p>[vc_row][vc_column][vc_column_text] mediamixx ist eine Full-Service-Kommunikationsagentur. Wir helfen Kunden aus den Niederlanden und Deutschland dabei, in ihrem eigenen Land und\/oder im Nachbarland besser wahrgenommen zu werden. Gemeinsam definieren wir Kommunikationsziele und arbeiten darauf hin. Und das schon seit 1994! Interkulturelle Kompetenz Unser Team besteht aus 15 Deutschen und Niederl\u00e4ndern, die beide Sprachen flie\u00dfend sprechen. Wir kennen&hellip;<\/p>\n","protected":false},"author":3,"featured_media":0,"parent":0,"menu_order":0,"comment_status":"closed","ping_status":"closed","template":"","meta":{"_acf_changed":false,"footnotes":""},"acf":[],"_links":{"self":[{"href":"https:\/\/www.mediamixx.eu\/de\/wp-json\/wp\/v2\/pages\/1013"}],"collection":[{"href":"https:\/\/www.mediamixx.eu\/de\/wp-json\/wp\/v2\/pages"}],"about":[{"href":"https:\/\/www.mediamixx.eu\/de\/wp-json\/wp\/v2\/types\/page"}],"author":[{"embeddable":true,"href":"https:\/\/www.mediamixx.eu\/de\/wp-json\/wp\/v2\/users\/3"}],"replies":[{"embeddable":true,"href":"https:\/\/www.mediamixx.eu\/de\/wp-json\/wp\/v2\/comments?post=1013"}],"version-history":[{"count":14,"href":"https:\/\/www.mediamixx.eu\/de\/wp-json\/wp\/v2\/pages\/1013\/revisions"}],"predecessor-version":[{"id":2236,"href":"https:\/\/www.mediamixx.eu\/de\/wp-json\/wp\/v2\/pages\/1013\/revisions\/2236"}],"wp:attachment":[{"href":"https:\/\/www.mediamixx.eu\/de\/wp-json\/wp\/v2\/media?parent=1013"}],"curies":[{"name":"wp","href":"https:\/\/api.w.org\/{rel}","templated":true}]}}